{"id":1816,"date":"2024-11-28T12:23:24","date_gmt":"2024-11-28T11:23:24","guid":{"rendered":"https:\/\/salon.group-alive.com\/salon-de-la-chasse\/?post_type=product&#038;p=1816"},"modified":"2025-12-09T12:08:27","modified_gmt":"2025-12-09T11:08:27","slug":"pouf-beja-blanc","status":"publish","type":"product","link":"https:\/\/salon.group-alive.com\/salon-de-la-chasse\/produit\/pouf-beja-blanc\/","title":{"rendered":"Pouf Beja blanc"},"content":{"rendered":"<p>Le pouf Beja blanc s&rsquo;inscrit dans la lign\u00e9e minimaliste et volontairement \u00e9pur\u00e9e, de la famille des assises Beja. Son assise en simili cuir permettra \u00e0 vos invit\u00e9s de s&rsquo;installer confortablement.<br \/>\nLe pouf Beja blanc viendra s&rsquo;associer avec d\u00e9licatesses aux autres \u00e9l\u00e9ments de la famille Beja, comme la banquette Beja par exemple&#8230;<br \/>\nId\u00e9al pour cr\u00e9er des zones d&rsquo;\u00e9change, de convivialit\u00e9s et de partages sur vos \u00e9v\u00e9nements, le pouf Beja s&rsquo;int\u00e9grera sur vos salons, foires, congr\u00e8s, lieux de r\u00e9ceptions et autres espaces \u00e9v\u00e9nementiels&#8230;<\/p>\n","protected":false},"excerpt":{"rendered":"<p class=\"my-2 text-muted\">R\u00e9f : MOAB127P01<\/p>\n","protected":false},"featured_media":1817,"template":"","meta":{"site-sidebar-layout":"default","site-content-layout":"default","ast-site-content-layout":"default","site-content-style":"default","site-sidebar-style":"default","ast-global-header-display":"","ast-banner-title-visibility":"","ast-main-header-display":"","ast-hfb-above-header-display":"","ast-hfb-below-header-display":"","ast-hfb-mobile-header-display":"","site-post-title":"","ast-breadcrumbs-content":"","ast-featured-img":"","footer-sml-layout":"","theme-transparent-header-meta":"default","adv-header-id-meta":"","stick-header-meta":"","header-above-stick-meta":"","header-main-stick-meta":"","header-below-stick-meta":"","astra-migrate-meta-layouts":"default","ast-page-background-enabled":"default","ast-page-background-meta":{"desktop":{"background-color":"var(--ast-global-color-4)","background-image":"","background-repeat":"repeat","background-position":"center center","background-size":"auto","background-attachment":"scroll","background-type":"","background-media":"","overlay-type":"","overlay-color":"","overlay-opacity":"","overlay-gradient":""},"tablet":{"background-color":"","background-image":"","background-repeat":"repeat","background-position":"center center","background-size":"auto","background-attachment":"scroll","background-type":"","background-media":"","overlay-type":"","overlay-color":"","overlay-opacity":"","overlay-gradient":""},"mobile":{"background-color":"","background-image":"","background-repeat":"repeat","background-position":"center center","background-size":"auto","background-attachment":"scroll","background-type":"","background-media":"","overlay-type":"","overlay-color":"","overlay-opacity":"","overlay-gradient":""}},"ast-content-background-meta":{"desktop":{"background-color":"var(--ast-global-color-5)","background-image":"","background-repeat":"repeat","background-position":"center center","background-size":"auto","background-attachment":"scroll","background-type":"","background-media":"","overlay-type":"","overlay-color":"","overlay-opacity":"","overlay-gradient":""},"tablet":{"background-color":"var(--ast-global-color-5)","background-image":"","background-repeat":"repeat","background-position":"center center","background-size":"auto","background-attachment":"scroll","background-type":"","background-media":"","overlay-type":"","overlay-color":"","overlay-opacity":"","overlay-gradient":""},"mobile":{"background-color":"var(--ast-global-color-5)","background-image":"","background-repeat":"repeat","background-position":"center center","background-size":"auto","background-attachment":"scroll","background-type":"","background-media":"","overlay-type":"","overlay-color":"","overlay-opacity":"","overlay-gradient":""}}},"product_brand":[],"product_cat":[71],"product_tag":[],"class_list":{"0":"post-1816","1":"product","2":"type-product","3":"status-publish","4":"has-post-thumbnail","6":"product_cat-poufs","7":"desktop-align-left","8":"tablet-align-left","9":"mobile-align-left","11":"first","12":"instock","13":"taxable","14":"shipping-taxable","15":"purchasable","16":"product-type-simple"},"_links":{"self":[{"href":"https:\/\/salon.group-alive.com\/salon-de-la-chasse\/wp-json\/wp\/v2\/product\/1816","targetHints":{"allow":["GET"]}}],"collection":[{"href":"https:\/\/salon.group-alive.com\/salon-de-la-chasse\/wp-json\/wp\/v2\/product"}],"about":[{"href":"https:\/\/salon.group-alive.com\/salon-de-la-chasse\/wp-json\/wp\/v2\/types\/product"}],"wp:featuredmedia":[{"embeddable":true,"href":"https:\/\/salon.group-alive.com\/salon-de-la-chasse\/wp-json\/wp\/v2\/media\/1817"}],"wp:attachment":[{"href":"https:\/\/salon.group-alive.com\/salon-de-la-chasse\/wp-json\/wp\/v2\/media?parent=1816"}],"wp:term":[{"taxonomy":"product_brand","embeddable":true,"href":"https:\/\/salon.group-alive.com\/salon-de-la-chasse\/wp-json\/wp\/v2\/product_brand?post=1816"},{"taxonomy":"product_cat","embeddable":true,"href":"https:\/\/salon.group-alive.com\/salon-de-la-chasse\/wp-json\/wp\/v2\/product_cat?post=1816"},{"taxonomy":"product_tag","embeddable":true,"href":"https:\/\/salon.group-alive.com\/salon-de-la-chasse\/wp-json\/wp\/v2\/product_tag?post=1816"}],"curies":[{"name":"wp","href":"https:\/\/api.w.org\/{rel}","templated":true}]}}