{"id":1747,"date":"2024-11-28T11:05:55","date_gmt":"2024-11-28T10:05:55","guid":{"rendered":"https:\/\/salon.group-alive.com\/salon-de-la-chasse\/?post_type=product&#038;p=1747"},"modified":"2025-12-15T17:45:52","modified_gmt":"2025-12-15T16:45:52","slug":"calgary-ivoire","status":"publish","type":"product","link":"https:\/\/salon.group-alive.com\/salon-de-la-chasse\/produit\/calgary-ivoire\/","title":{"rendered":"Calgary ivoire"},"content":{"rendered":"<p>Les accoudoirs et les pieds en bois du fauteuil Calgary contrastent joliment avec le tissu clair de son assise. Ce mix de mati\u00e8res apportera de la chaleur \u00e0 votre espace \u00e9v\u00e9nementiel.<br \/>\nSon design Vintage se fondra \u00e0 merveille dans les tendances d\u00e9co du moment.<\/p>\n","protected":false},"excerpt":{"rendered":"<p class=\"my-2 text-muted\">R\u00e9f : MOAB54501<\/p>\n","protected":false},"featured_media":1748,"template":"","meta":{"site-sidebar-layout":"default","site-content-layout":"default","ast-site-content-layout":"default","site-content-style":"default","site-sidebar-style":"default","ast-global-header-display":"","ast-banner-title-visibility":"","ast-main-header-display":"","ast-hfb-above-header-display":"","ast-hfb-below-header-display":"","ast-hfb-mobile-header-display":"","site-post-title":"","ast-breadcrumbs-content":"","ast-featured-img":"","footer-sml-layout":"","theme-transparent-header-meta":"default","adv-header-id-meta":"","stick-header-meta":"","header-above-stick-meta":"","header-main-stick-meta":"","header-below-stick-meta":"","astra-migrate-meta-layouts":"default","ast-page-background-enabled":"default","ast-page-background-meta":{"desktop":{"background-color":"var(--ast-global-color-4)","background-image":"","background-repeat":"repeat","background-position":"center center","background-size":"auto","background-attachment":"scroll","background-type":"","background-media":"","overlay-type":"","overlay-color":"","overlay-opacity":"","overlay-gradient":""},"tablet":{"background-color":"","background-image":"","background-repeat":"repeat","background-position":"center center","background-size":"auto","background-attachment":"scroll","background-type":"","background-media":"","overlay-type":"","overlay-color":"","overlay-opacity":"","overlay-gradient":""},"mobile":{"background-color":"","background-image":"","background-repeat":"repeat","background-position":"center center","background-size":"auto","background-attachment":"scroll","background-type":"","background-media":"","overlay-type":"","overlay-color":"","overlay-opacity":"","overlay-gradient":""}},"ast-content-background-meta":{"desktop":{"background-color":"var(--ast-global-color-5)","background-image":"","background-repeat":"repeat","background-position":"center center","background-size":"auto","background-attachment":"scroll","background-type":"","background-media":"","overlay-type":"","overlay-color":"","overlay-opacity":"","overlay-gradient":""},"tablet":{"background-color":"var(--ast-global-color-5)","background-image":"","background-repeat":"repeat","background-position":"center center","background-size":"auto","background-attachment":"scroll","background-type":"","background-media":"","overlay-type":"","overlay-color":"","overlay-opacity":"","overlay-gradient":""},"mobile":{"background-color":"var(--ast-global-color-5)","background-image":"","background-repeat":"repeat","background-position":"center center","background-size":"auto","background-attachment":"scroll","background-type":"","background-media":"","overlay-type":"","overlay-color":"","overlay-opacity":"","overlay-gradient":""}}},"product_brand":[],"product_cat":[69],"product_tag":[],"class_list":{"0":"post-1747","1":"product","2":"type-product","3":"status-publish","4":"has-post-thumbnail","6":"product_cat-canapes-et-fauteuils","7":"desktop-align-left","8":"tablet-align-left","9":"mobile-align-left","11":"first","12":"instock","13":"taxable","14":"shipping-taxable","15":"purchasable","16":"product-type-simple"},"_links":{"self":[{"href":"https:\/\/salon.group-alive.com\/salon-de-la-chasse\/wp-json\/wp\/v2\/product\/1747","targetHints":{"allow":["GET"]}}],"collection":[{"href":"https:\/\/salon.group-alive.com\/salon-de-la-chasse\/wp-json\/wp\/v2\/product"}],"about":[{"href":"https:\/\/salon.group-alive.com\/salon-de-la-chasse\/wp-json\/wp\/v2\/types\/product"}],"wp:featuredmedia":[{"embeddable":true,"href":"https:\/\/salon.group-alive.com\/salon-de-la-chasse\/wp-json\/wp\/v2\/media\/1748"}],"wp:attachment":[{"href":"https:\/\/salon.group-alive.com\/salon-de-la-chasse\/wp-json\/wp\/v2\/media?parent=1747"}],"wp:term":[{"taxonomy":"product_brand","embeddable":true,"href":"https:\/\/salon.group-alive.com\/salon-de-la-chasse\/wp-json\/wp\/v2\/product_brand?post=1747"},{"taxonomy":"product_cat","embeddable":true,"href":"https:\/\/salon.group-alive.com\/salon-de-la-chasse\/wp-json\/wp\/v2\/product_cat?post=1747"},{"taxonomy":"product_tag","embeddable":true,"href":"https:\/\/salon.group-alive.com\/salon-de-la-chasse\/wp-json\/wp\/v2\/product_tag?post=1747"}],"curies":[{"name":"wp","href":"https:\/\/api.w.org\/{rel}","templated":true}]}}