{"id":1070,"date":"2023-11-03T11:41:36","date_gmt":"2023-11-03T10:41:36","guid":{"rendered":"https:\/\/salon.group-alive.com\/salon-de-la-chasse\/?post_type=product&#038;p=1070"},"modified":"2025-12-15T10:44:55","modified_gmt":"2025-12-15T09:44:55","slug":"enseigne-personnalisee","status":"publish","type":"product","link":"https:\/\/salon.group-alive.com\/salon-de-la-chasse\/produit\/enseigne-personnalisee\/","title":{"rendered":"Enseigne personnalis\u00e9e"},"content":{"rendered":"<p>Votre stand est bien visible sur le salon gr\u00e2ce \u00e0 votre\u00a0<strong>enseigne personnalis\u00e9e<\/strong>, elle permet \u00e0 vos clients de vous retrouver plus facilement au sein du salon.<\/p>\n<p>Enseigne pour stand modulaire.<br \/>\nImpressions des visuels de votre choix sur Forex 3mm.<br \/>\nPose incluse.<\/p>\n<p>&nbsp;<\/p>\n<h3>Sp\u00e9cifications PAO<\/h3>\n<p>&nbsp;<\/p>\n<p><span style=\"text-decoration: underline;\">Consultez nos <a href=\"https:\/\/salon.group-alive.com\/salon-de-la-chasse\/wp-content\/uploads\/sites\/2\/2023\/11\/CONCEPTION-GRAPHIQUE-PAO.pdf\">sp\u00e9cifications PAO<\/a> ci-dessous pour pr\u00e9parer au mieux vos visuels destin\u00e9s \u00e0 l&rsquo;impression :<\/span><\/p>\n<ul>\n<li>Nous travaillons principalement sous ILLUSTRATOR CS5 et PHOTOSHOP CS5<\/li>\n<li>Sp\u00e9cifications du fichiers \u00e0 fournir :\n<ul>\n<li>Format PDF<\/li>\n<li>Couleurs QUADRI<\/li>\n<li>Typographies vectoris\u00e9es HD<\/li>\n<li>Trait\u00e9s en QUADRI, \u00e0 l&rsquo;\u00e9chelle 1<\/li>\n<li>R\u00e9solution\u00a0MINIMALE 450dpi\u00a0(minimum pour garantir un r\u00e9sultat satisfaisant apr\u00e8s agrandissement)<\/li>\n<\/ul>\n<\/li>\n<\/ul>\n<ul>\n<li>Fichiers Xpress et Indesign non pris en charge.<\/li>\n<li>Une fois votre visuel pr\u00eat vous pouvez nous l&rsquo;envoyer \u00e0 <a title=\"mailto:l.goedertier@group-alive.com\" href=\"mailto:l.goedertier@group-alive.com\" data-outlook-id=\"3e133fc2-1139-4927-9bf3-1010b9165316\">l.goedertier@group-alive.com<\/a><\/li>\n<\/ul>\n<p><em>NB: Si des visuels PHOTOSHOP sont incorpor\u00e9s aux compositions ILLUSTRATOR ou si les fichiers de production sont r\u00e9alis\u00e9s sous PHOTOSHOP, ils doivent \u00eatre aplatis si nous n&rsquo;avons pas \u00e0 intervenir. Dans le cas contraire, les calques nous seront n\u00e9cessaires.<\/em><\/p>\n","protected":false},"excerpt":{"rendered":"<p>Votre stand est bien visible sur le salon gr\u00e2ce \u00e0 votre\u00a0enseigne personnalis\u00e9e, elle permet \u00e0 vos clients de vous retrouver plus facilement au sein du salon. Enseigne pour stand modulaire. Impressions des visuels de votre choix sur Forex 3mm. Pose incluse. &nbsp; Sp\u00e9cifications PAO &nbsp; Consultez nos sp\u00e9cifications PAO ci-dessous pour pr\u00e9parer au mieux vos [&hellip;]<\/p>\n","protected":false},"featured_media":1071,"template":"","meta":{"site-sidebar-layout":"default","site-content-layout":"default","ast-site-content-layout":"default","site-content-style":"default","site-sidebar-style":"default","ast-global-header-display":"","ast-banner-title-visibility":"","ast-main-header-display":"","ast-hfb-above-header-display":"","ast-hfb-below-header-display":"","ast-hfb-mobile-header-display":"","site-post-title":"","ast-breadcrumbs-content":"","ast-featured-img":"","footer-sml-layout":"","theme-transparent-header-meta":"default","adv-header-id-meta":"","stick-header-meta":"","header-above-stick-meta":"","header-main-stick-meta":"","header-below-stick-meta":"","astra-migrate-meta-layouts":"default","ast-page-background-enabled":"default","ast-page-background-meta":{"desktop":{"background-color":"var(--ast-global-color-4)","background-image":"","background-repeat":"repeat","background-position":"center center","background-size":"auto","background-attachment":"scroll","background-type":"","background-media":"","overlay-type":"","overlay-color":"","overlay-opacity":"","overlay-gradient":""},"tablet":{"background-color":"","background-image":"","background-repeat":"repeat","background-position":"center center","background-size":"auto","background-attachment":"scroll","background-type":"","background-media":"","overlay-type":"","overlay-color":"","overlay-opacity":"","overlay-gradient":""},"mobile":{"background-color":"","background-image":"","background-repeat":"repeat","background-position":"center center","background-size":"auto","background-attachment":"scroll","background-type":"","background-media":"","overlay-type":"","overlay-color":"","overlay-opacity":"","overlay-gradient":""}},"ast-content-background-meta":{"desktop":{"background-color":"var(--ast-global-color-5)","background-image":"","background-repeat":"repeat","background-position":"center center","background-size":"auto","background-attachment":"scroll","background-type":"","background-media":"","overlay-type":"","overlay-color":"","overlay-opacity":"","overlay-gradient":""},"tablet":{"background-color":"var(--ast-global-color-5)","background-image":"","background-repeat":"repeat","background-position":"center center","background-size":"auto","background-attachment":"scroll","background-type":"","background-media":"","overlay-type":"","overlay-color":"","overlay-opacity":"","overlay-gradient":""},"mobile":{"background-color":"var(--ast-global-color-5)","background-image":"","background-repeat":"repeat","background-position":"center center","background-size":"auto","background-attachment":"scroll","background-type":"","background-media":"","overlay-type":"","overlay-color":"","overlay-opacity":"","overlay-gradient":""}}},"product_brand":[],"product_cat":[57],"product_tag":[],"class_list":{"0":"post-1070","1":"product","2":"type-product","3":"status-publish","4":"has-post-thumbnail","6":"product_cat-impression-personnalisee","7":"desktop-align-left","8":"tablet-align-left","9":"mobile-align-left","11":"first","12":"instock","13":"taxable","14":"shipping-taxable","15":"purchasable","16":"product-type-simple"},"_links":{"self":[{"href":"https:\/\/salon.group-alive.com\/salon-de-la-chasse\/wp-json\/wp\/v2\/product\/1070","targetHints":{"allow":["GET"]}}],"collection":[{"href":"https:\/\/salon.group-alive.com\/salon-de-la-chasse\/wp-json\/wp\/v2\/product"}],"about":[{"href":"https:\/\/salon.group-alive.com\/salon-de-la-chasse\/wp-json\/wp\/v2\/types\/product"}],"wp:featuredmedia":[{"embeddable":true,"href":"https:\/\/salon.group-alive.com\/salon-de-la-chasse\/wp-json\/wp\/v2\/media\/1071"}],"wp:attachment":[{"href":"https:\/\/salon.group-alive.com\/salon-de-la-chasse\/wp-json\/wp\/v2\/media?parent=1070"}],"wp:term":[{"taxonomy":"product_brand","embeddable":true,"href":"https:\/\/salon.group-alive.com\/salon-de-la-chasse\/wp-json\/wp\/v2\/product_brand?post=1070"},{"taxonomy":"product_cat","embeddable":true,"href":"https:\/\/salon.group-alive.com\/salon-de-la-chasse\/wp-json\/wp\/v2\/product_cat?post=1070"},{"taxonomy":"product_tag","embeddable":true,"href":"https:\/\/salon.group-alive.com\/salon-de-la-chasse\/wp-json\/wp\/v2\/product_tag?post=1070"}],"curies":[{"name":"wp","href":"https:\/\/api.w.org\/{rel}","templated":true}]}}