{"id":1058,"date":"2023-11-03T11:07:27","date_gmt":"2023-11-03T10:07:27","guid":{"rendered":"https:\/\/salon.group-alive.com\/salon-de-la-chasse\/?post_type=product&#038;p=1058"},"modified":"2026-03-13T15:34:24","modified_gmt":"2026-03-13T14:34:24","slug":"visuel-personnalise-grand-format","status":"publish","type":"product","link":"https:\/\/salon.group-alive.com\/salon-de-la-chasse\/produit\/visuel-personnalise-grand-format\/","title":{"rendered":"Visuel personnalis\u00e9 grand format"},"content":{"rendered":"<p>Personnalisez votre stand avec des visuels correspondants \u00e0 votre activit\u00e9 pour attirer de nombreux visiteurs.<\/p>\n<p>Votre signal\u00e9tique sur mesure en <span style=\"text-decoration: underline;\">2 \u00e9tapes<\/span>:<\/p>\n<ul>\n<li>Renseignez le format<\/li>\n<li>Envoyez votre visuel \u00e0 s.gaul@group-alive.com<\/li>\n<\/ul>\n<p><em>Une fois command\u00e9, nous nous chargeons de l&rsquo;impression, et assurons la livraison sur le salon.<\/em><\/p>\n<p>&nbsp;<\/p>\n<h3>Sp\u00e9cifications PAO<\/h3>\n<p>&nbsp;<\/p>\n<p><span style=\"text-decoration: underline;\">Consultez nos <a href=\"https:\/\/salon.group-alive.com\/salon-de-la-chasse\/wp-content\/uploads\/sites\/2\/2023\/11\/CONCEPTION-GRAPHIQUE-PAO.pdf\">sp\u00e9cifications PAO<\/a> ci-dessous pour pr\u00e9parer au mieux vos visuels destin\u00e9s \u00e0 l&rsquo;impression :<\/span><\/p>\n<ul>\n<li>Nous travaillons principalement sous ILLUSTRATOR CS5 et PHOTOSHOP CS5<\/li>\n<li>Sp\u00e9cifications du fichiers \u00e0 fournir :\n<ul>\n<li>Format PDF<\/li>\n<li>Couleurs QUADRI<\/li>\n<li>Typographies vectoris\u00e9es HD<\/li>\n<li>Trait\u00e9s en QUADRI, \u00e0 l&rsquo;\u00e9chelle 1<\/li>\n<li>R\u00e9solution\u00a0MINIMALE 450dpi\u00a0(minimum pour garantir un r\u00e9sultat satisfaisant apr\u00e8s agrandissement)<\/li>\n<\/ul>\n<\/li>\n<\/ul>\n<ul>\n<li>Fichiers Xpress et Indesign non pris en charge.<\/li>\n<li>Une fois votre visuel pr\u00eat vous pouvez nous l&rsquo;envoyer \u00e0 <a title=\"mailto:l.goedertier@group-alive.com\" href=\"mailto:l.goedertier@group-alive.com\" data-outlook-id=\"3e133fc2-1139-4927-9bf3-1010b9165316\">l.goedertier@group-alive.com<\/a><\/li>\n<\/ul>\n<div class=\"flex max-w-full flex-col flex-grow\">\n<div class=\"min-h-8 text-message flex w-full flex-col items-end gap-2 whitespace-normal break-words [.text-message+&amp;]:mt-5\" dir=\"auto\" data-message-author-role=\"assistant\" data-message-id=\"6c89d4a1-bd10-4914-9120-656f66520d6c\" data-message-model-slug=\"gpt-4o\">\n<div class=\"flex w-full flex-col gap-1 empty:hidden first:pt-[3px]\">\n<div class=\"markdown prose w-full break-words dark:prose-invert light\">\n<p><em><strong>NB :<\/strong> Si des visuels Photoshop sont int\u00e9gr\u00e9s dans des compositions Illustrator ou si les fichiers de production sont r\u00e9alis\u00e9s sous Photoshop, ils doivent \u00eatre <strong>aplaties<\/strong> si aucune intervention de notre part n&rsquo;est requise. Dans le cas contraire, les calques devront \u00eatre conserv\u00e9s et fournis.<\/em><\/p>\n<\/div>\n<\/div>\n<\/div>\n<\/div>\n","protected":false},"excerpt":{"rendered":"<p>Personnalisez votre stand avec des visuels correspondants \u00e0 votre activit\u00e9 pour attirer de nombreux visiteurs. Votre signal\u00e9tique sur mesure en 2 \u00e9tapes: Renseignez le format Envoyez votre visuel \u00e0 s.gaul@group-alive.com Une fois command\u00e9, nous nous chargeons de l&rsquo;impression, et assurons la livraison sur le salon. &nbsp; Sp\u00e9cifications PAO &nbsp; Consultez nos sp\u00e9cifications PAO ci-dessous pour [&hellip;]<\/p>\n","protected":false},"featured_media":1059,"template":"","meta":{"site-sidebar-layout":"default","site-content-layout":"default","ast-site-content-layout":"default","site-content-style":"default","site-sidebar-style":"default","ast-global-header-display":"","ast-banner-title-visibility":"","ast-main-header-display":"","ast-hfb-above-header-display":"","ast-hfb-below-header-display":"","ast-hfb-mobile-header-display":"","site-post-title":"","ast-breadcrumbs-content":"","ast-featured-img":"","footer-sml-layout":"","theme-transparent-header-meta":"default","adv-header-id-meta":"","stick-header-meta":"","header-above-stick-meta":"","header-main-stick-meta":"","header-below-stick-meta":"","astra-migrate-meta-layouts":"set","ast-page-background-enabled":"default","ast-page-background-meta":{"desktop":{"background-color":"var(--ast-global-color-4)","background-image":"","background-repeat":"repeat","background-position":"center center","background-size":"auto","background-attachment":"scroll","background-type":"","background-media":"","overlay-type":"","overlay-color":"","overlay-opacity":"","overlay-gradient":""},"tablet":{"background-color":"","background-image":"","background-repeat":"repeat","background-position":"center center","background-size":"auto","background-attachment":"scroll","background-type":"","background-media":"","overlay-type":"","overlay-color":"","overlay-opacity":"","overlay-gradient":""},"mobile":{"background-color":"","background-image":"","background-repeat":"repeat","background-position":"center center","background-size":"auto","background-attachment":"scroll","background-type":"","background-media":"","overlay-type":"","overlay-color":"","overlay-opacity":"","overlay-gradient":""}},"ast-content-background-meta":{"desktop":{"background-color":"var(--ast-global-color-5)","background-image":"","background-repeat":"repeat","background-position":"center center","background-size":"auto","background-attachment":"scroll","background-type":"","background-media":"","overlay-type":"","overlay-color":"","overlay-opacity":"","overlay-gradient":""},"tablet":{"background-color":"var(--ast-global-color-5)","background-image":"","background-repeat":"repeat","background-position":"center center","background-size":"auto","background-attachment":"scroll","background-type":"","background-media":"","overlay-type":"","overlay-color":"","overlay-opacity":"","overlay-gradient":""},"mobile":{"background-color":"var(--ast-global-color-5)","background-image":"","background-repeat":"repeat","background-position":"center center","background-size":"auto","background-attachment":"scroll","background-type":"","background-media":"","overlay-type":"","overlay-color":"","overlay-opacity":"","overlay-gradient":""}}},"product_brand":[],"product_cat":[57],"product_tag":[],"class_list":{"0":"post-1058","1":"product","2":"type-product","3":"status-publish","4":"has-post-thumbnail","6":"product_cat-impression-personnalisee","7":"desktop-align-left","8":"tablet-align-left","9":"mobile-align-left","11":"first","12":"instock","13":"taxable","14":"shipping-taxable","15":"purchasable","16":"product-type-variable"},"_links":{"self":[{"href":"https:\/\/salon.group-alive.com\/salon-de-la-chasse\/wp-json\/wp\/v2\/product\/1058","targetHints":{"allow":["GET"]}}],"collection":[{"href":"https:\/\/salon.group-alive.com\/salon-de-la-chasse\/wp-json\/wp\/v2\/product"}],"about":[{"href":"https:\/\/salon.group-alive.com\/salon-de-la-chasse\/wp-json\/wp\/v2\/types\/product"}],"wp:featuredmedia":[{"embeddable":true,"href":"https:\/\/salon.group-alive.com\/salon-de-la-chasse\/wp-json\/wp\/v2\/media\/1059"}],"wp:attachment":[{"href":"https:\/\/salon.group-alive.com\/salon-de-la-chasse\/wp-json\/wp\/v2\/media?parent=1058"}],"wp:term":[{"taxonomy":"product_brand","embeddable":true,"href":"https:\/\/salon.group-alive.com\/salon-de-la-chasse\/wp-json\/wp\/v2\/product_brand?post=1058"},{"taxonomy":"product_cat","embeddable":true,"href":"https:\/\/salon.group-alive.com\/salon-de-la-chasse\/wp-json\/wp\/v2\/product_cat?post=1058"},{"taxonomy":"product_tag","embeddable":true,"href":"https:\/\/salon.group-alive.com\/salon-de-la-chasse\/wp-json\/wp\/v2\/product_tag?post=1058"}],"curies":[{"name":"wp","href":"https:\/\/api.w.org\/{rel}","templated":true}]}}