{"id":1029,"date":"2023-11-02T17:55:07","date_gmt":"2023-11-02T16:55:07","guid":{"rendered":"https:\/\/salon.group-alive.com\/salon-de-la-chasse\/?post_type=product&#038;p=1029"},"modified":"2026-03-13T15:34:24","modified_gmt":"2026-03-13T14:34:24","slug":"demande-de-coffret-electrique","status":"publish","type":"product","link":"https:\/\/salon.group-alive.com\/salon-de-la-chasse\/produit\/demande-de-coffret-electrique\/","title":{"rendered":"Demande de coffret \u00e9lectrique"},"content":{"rendered":"<p>Choisissez votre puissance puis ajoutez le produit \u00e0 votre panier afin de demander votre coffret \u00e9lectrique vous permettant d&rsquo;alimenter tous vos appareils sur votre stand.<\/p>\n<p><span style=\"text-decoration: underline;\">Le coffret \u00e9lectrique et le paiement sont enti\u00e8rement g\u00e9r\u00e9s par Rambouillet \u00c9v\u00e9nements.<\/span><\/p>\n<p>Pour tout compl\u00e9ment d&rsquo;informations, n&rsquo;h\u00e9sitez pas \u00e0 contacter Mme FURON BUREL : <a href=\"mailto:mf@versicolor.fr\">mf@versicolor.fr<\/a> ou au <a href=\"tel:+33134789847\">+ 33 1 34 78 98 47<\/a><\/p>\n<p>&nbsp;<\/p>\n<p><span style=\"text-decoration: underline;\"><strong><a href=\"https:\/\/salon.group-alive.com\/salon-de-la-chasse\/wp-content\/uploads\/sites\/2\/2025\/12\/FR-EN_Grille-de-positionnement_SDC26_avecmarques.pdf\" target=\"_blank\" rel=\"noopener\">T\u00e9l\u00e9charger le plan de positionnement<\/a><\/strong><\/span><\/p>\n","protected":false},"excerpt":{"rendered":"<p>Choisissez votre puissance puis ajoutez le produit \u00e0 votre panier afin de demander votre coffret \u00e9lectrique vous permettant d&rsquo;alimenter tous vos appareils sur votre stand. Le coffret \u00e9lectrique et le paiement sont enti\u00e8rement g\u00e9r\u00e9s par Rambouillet \u00c9v\u00e9nements. Pour tout compl\u00e9ment d&rsquo;informations, n&rsquo;h\u00e9sitez pas \u00e0 contacter Mme FURON BUREL : mf@versicolor.fr ou au + 33 1 [&hellip;]<\/p>\n","protected":false},"featured_media":1337,"template":"","meta":{"site-sidebar-layout":"default","site-content-layout":"default","ast-site-content-layout":"default","site-content-style":"default","site-sidebar-style":"default","ast-global-header-display":"","ast-banner-title-visibility":"","ast-main-header-display":"","ast-hfb-above-header-display":"","ast-hfb-below-header-display":"","ast-hfb-mobile-header-display":"","site-post-title":"","ast-breadcrumbs-content":"","ast-featured-img":"","footer-sml-layout":"","theme-transparent-header-meta":"default","adv-header-id-meta":"","stick-header-meta":"","header-above-stick-meta":"","header-main-stick-meta":"","header-below-stick-meta":"","astra-migrate-meta-layouts":"set","ast-page-background-enabled":"default","ast-page-background-meta":{"desktop":{"background-color":"var(--ast-global-color-4)","background-image":"","background-repeat":"repeat","background-position":"center center","background-size":"auto","background-attachment":"scroll","background-type":"","background-media":"","overlay-type":"","overlay-color":"","overlay-opacity":"","overlay-gradient":""},"tablet":{"background-color":"","background-image":"","background-repeat":"repeat","background-position":"center center","background-size":"auto","background-attachment":"scroll","background-type":"","background-media":"","overlay-type":"","overlay-color":"","overlay-opacity":"","overlay-gradient":""},"mobile":{"background-color":"","background-image":"","background-repeat":"repeat","background-position":"center center","background-size":"auto","background-attachment":"scroll","background-type":"","background-media":"","overlay-type":"","overlay-color":"","overlay-opacity":"","overlay-gradient":""}},"ast-content-background-meta":{"desktop":{"background-color":"var(--ast-global-color-5)","background-image":"","background-repeat":"repeat","background-position":"center center","background-size":"auto","background-attachment":"scroll","background-type":"","background-media":"","overlay-type":"","overlay-color":"","overlay-opacity":"","overlay-gradient":""},"tablet":{"background-color":"var(--ast-global-color-5)","background-image":"","background-repeat":"repeat","background-position":"center center","background-size":"auto","background-attachment":"scroll","background-type":"","background-media":"","overlay-type":"","overlay-color":"","overlay-opacity":"","overlay-gradient":""},"mobile":{"background-color":"var(--ast-global-color-5)","background-image":"","background-repeat":"repeat","background-position":"center center","background-size":"auto","background-attachment":"scroll","background-type":"","background-media":"","overlay-type":"","overlay-color":"","overlay-opacity":"","overlay-gradient":""}}},"product_brand":[],"product_cat":[58],"product_tag":[],"class_list":{"0":"post-1029","1":"product","2":"type-product","3":"status-publish","4":"has-post-thumbnail","6":"product_cat-electricite-eclairage","7":"desktop-align-left","8":"tablet-align-left","9":"mobile-align-left","11":"first","12":"instock","13":"taxable","14":"shipping-taxable","15":"purchasable","16":"product-type-variable"},"_links":{"self":[{"href":"https:\/\/salon.group-alive.com\/salon-de-la-chasse\/wp-json\/wp\/v2\/product\/1029","targetHints":{"allow":["GET"]}}],"collection":[{"href":"https:\/\/salon.group-alive.com\/salon-de-la-chasse\/wp-json\/wp\/v2\/product"}],"about":[{"href":"https:\/\/salon.group-alive.com\/salon-de-la-chasse\/wp-json\/wp\/v2\/types\/product"}],"wp:featuredmedia":[{"embeddable":true,"href":"https:\/\/salon.group-alive.com\/salon-de-la-chasse\/wp-json\/wp\/v2\/media\/1337"}],"wp:attachment":[{"href":"https:\/\/salon.group-alive.com\/salon-de-la-chasse\/wp-json\/wp\/v2\/media?parent=1029"}],"wp:term":[{"taxonomy":"product_brand","embeddable":true,"href":"https:\/\/salon.group-alive.com\/salon-de-la-chasse\/wp-json\/wp\/v2\/product_brand?post=1029"},{"taxonomy":"product_cat","embeddable":true,"href":"https:\/\/salon.group-alive.com\/salon-de-la-chasse\/wp-json\/wp\/v2\/product_cat?post=1029"},{"taxonomy":"product_tag","embeddable":true,"href":"https:\/\/salon.group-alive.com\/salon-de-la-chasse\/wp-json\/wp\/v2\/product_tag?post=1029"}],"curies":[{"name":"wp","href":"https:\/\/api.w.org\/{rel}","templated":true}]}}