{"id":1025,"date":"2023-11-02T16:36:03","date_gmt":"2023-11-02T15:36:03","guid":{"rendered":"https:\/\/salon.group-alive.com\/salon-de-la-chasse\/?post_type=product&#038;p=1025"},"modified":"2026-03-13T15:34:24","modified_gmt":"2026-03-13T14:34:24","slug":"ecran-led-4k-samsung-sur-cloison","status":"publish","type":"product","link":"https:\/\/salon.group-alive.com\/salon-de-la-chasse\/produit\/ecran-led-4k-samsung-sur-cloison\/","title":{"rendered":"\u00c9cran LED 4K Samsung sur cloison"},"content":{"rendered":"<p><b>L&rsquo;\u00e9cran LED sur cloison<\/b> vous permet d&rsquo;installer 1 ou plusieurs \u00e9crans sur les cloisons de votre stand sans d\u00e9perdition d&rsquo;espace.<\/p>\n<p><span style=\"text-decoration: underline;\"><strong>Attention :<\/strong><\/span> vous devez absolument poss\u00e9der une cloison renforc\u00e9e et une prise \u00e9lectrique d\u00e9port\u00e9e pour alimenter l&rsquo;\u00e9cran.<\/p>\n<div id=\"short_description_block\">\n<div id=\"short_description_content\" class=\"rte align_justify\">\n<p>Tarif incluant la livraison, la pose, la d\u00e9pose et la reprise.<\/p>\n<p>Infos produits :<\/p>\n<ul>\n<li>\u00c9cran LED aux bords ultra fins.<\/li>\n<li>Lecteur Multim\u00e9dia int\u00e9gr\u00e9, son int\u00e9gr\u00e9.<\/li>\n<li>Port HDMI \/ DVI \/ DisplayPort \/ USB.<\/li>\n<li>Accroche sur cloison avec platine murale.<\/li>\n<\/ul>\n<p>&nbsp;<\/p>\n<p><em>Facturation de 75\u20acHT si la t\u00e9l\u00e9commande n&rsquo;est pas restitu\u00e9e \u00e0 la fin du salon.<\/em><\/p>\n<p><em>Nous attirons votre attention sur l&rsquo;alimentation \u00e9lectrique qui reste \u00e0 votre charge et qui est \u00e0 commander aupr\u00e8s de l&rsquo;organisateur.<\/em><\/p>\n<\/div>\n<\/div>\n<form id=\"buy_block\" action=\"https:\/\/www.easy-stand.com\/salondelachasse\/fr\/index.php?controller=cart\" method=\"post\">\n<div class=\"box-info-product\">\n<div class=\"product_attributes clearfix\"><\/div>\n<\/div>\n<\/form>\n","protected":false},"excerpt":{"rendered":"<p>L&rsquo;\u00e9cran LED sur cloison vous permet d&rsquo;installer 1 ou plusieurs \u00e9crans sur les cloisons de votre stand sans d\u00e9perdition d&rsquo;espace. Attention : vous devez absolument poss\u00e9der une cloison renforc\u00e9e et une prise \u00e9lectrique d\u00e9port\u00e9e pour alimenter l&rsquo;\u00e9cran. Tarif incluant la livraison, la pose, la d\u00e9pose et la reprise. Infos produits : \u00c9cran LED aux bords [&hellip;]<\/p>\n","protected":false},"featured_media":727,"template":"","meta":{"site-sidebar-layout":"default","site-content-layout":"default","ast-site-content-layout":"default","site-content-style":"default","site-sidebar-style":"default","ast-global-header-display":"","ast-banner-title-visibility":"","ast-main-header-display":"","ast-hfb-above-header-display":"","ast-hfb-below-header-display":"","ast-hfb-mobile-header-display":"","site-post-title":"","ast-breadcrumbs-content":"","ast-featured-img":"","footer-sml-layout":"","theme-transparent-header-meta":"default","adv-header-id-meta":"","stick-header-meta":"","header-above-stick-meta":"","header-main-stick-meta":"","header-below-stick-meta":"","astra-migrate-meta-layouts":"set","ast-page-background-enabled":"default","ast-page-background-meta":{"desktop":{"background-color":"var(--ast-global-color-4)","background-image":"","background-repeat":"repeat","background-position":"center center","background-size":"auto","background-attachment":"scroll","background-type":"","background-media":"","overlay-type":"","overlay-color":"","overlay-opacity":"","overlay-gradient":""},"tablet":{"background-color":"","background-image":"","background-repeat":"repeat","background-position":"center center","background-size":"auto","background-attachment":"scroll","background-type":"","background-media":"","overlay-type":"","overlay-color":"","overlay-opacity":"","overlay-gradient":""},"mobile":{"background-color":"","background-image":"","background-repeat":"repeat","background-position":"center center","background-size":"auto","background-attachment":"scroll","background-type":"","background-media":"","overlay-type":"","overlay-color":"","overlay-opacity":"","overlay-gradient":""}},"ast-content-background-meta":{"desktop":{"background-color":"var(--ast-global-color-5)","background-image":"","background-repeat":"repeat","background-position":"center center","background-size":"auto","background-attachment":"scroll","background-type":"","background-media":"","overlay-type":"","overlay-color":"","overlay-opacity":"","overlay-gradient":""},"tablet":{"background-color":"var(--ast-global-color-5)","background-image":"","background-repeat":"repeat","background-position":"center center","background-size":"auto","background-attachment":"scroll","background-type":"","background-media":"","overlay-type":"","overlay-color":"","overlay-opacity":"","overlay-gradient":""},"mobile":{"background-color":"var(--ast-global-color-5)","background-image":"","background-repeat":"repeat","background-position":"center center","background-size":"auto","background-attachment":"scroll","background-type":"","background-media":"","overlay-type":"","overlay-color":"","overlay-opacity":"","overlay-gradient":""}}},"product_brand":[],"product_cat":[60],"product_tag":[],"class_list":{"0":"post-1025","1":"product","2":"type-product","3":"status-publish","4":"has-post-thumbnail","6":"product_cat-ecran","7":"desktop-align-left","8":"tablet-align-left","9":"mobile-align-left","11":"first","12":"instock","13":"taxable","14":"shipping-taxable","15":"purchasable","16":"product-type-variable"},"_links":{"self":[{"href":"https:\/\/salon.group-alive.com\/salon-de-la-chasse\/wp-json\/wp\/v2\/product\/1025","targetHints":{"allow":["GET"]}}],"collection":[{"href":"https:\/\/salon.group-alive.com\/salon-de-la-chasse\/wp-json\/wp\/v2\/product"}],"about":[{"href":"https:\/\/salon.group-alive.com\/salon-de-la-chasse\/wp-json\/wp\/v2\/types\/product"}],"wp:featuredmedia":[{"embeddable":true,"href":"https:\/\/salon.group-alive.com\/salon-de-la-chasse\/wp-json\/wp\/v2\/media\/727"}],"wp:attachment":[{"href":"https:\/\/salon.group-alive.com\/salon-de-la-chasse\/wp-json\/wp\/v2\/media?parent=1025"}],"wp:term":[{"taxonomy":"product_brand","embeddable":true,"href":"https:\/\/salon.group-alive.com\/salon-de-la-chasse\/wp-json\/wp\/v2\/product_brand?post=1025"},{"taxonomy":"product_cat","embeddable":true,"href":"https:\/\/salon.group-alive.com\/salon-de-la-chasse\/wp-json\/wp\/v2\/product_cat?post=1025"},{"taxonomy":"product_tag","embeddable":true,"href":"https:\/\/salon.group-alive.com\/salon-de-la-chasse\/wp-json\/wp\/v2\/product_tag?post=1025"}],"curies":[{"name":"wp","href":"https:\/\/api.w.org\/{rel}","templated":true}]}}