{"id":676,"date":"2023-09-14T15:23:08","date_gmt":"2023-09-14T13:23:08","guid":{"rendered":"https:\/\/salon.group-alive.com\/salon-de-la-chasse\/?page_id=676"},"modified":"2025-12-08T10:44:52","modified_gmt":"2025-12-08T09:44:52","slug":"mentions-legales","status":"publish","type":"page","link":"https:\/\/salon.group-alive.com\/salon-de-la-chasse\/mentions-legales\/","title":{"rendered":"Mentions L\u00e9gales"},"content":{"rendered":"\t\t<div data-elementor-type=\"wp-page\" data-elementor-id=\"676\" class=\"elementor elementor-676\" data-elementor-post-type=\"page\">\n\t\t\t\t\t\t<section class=\"elementor-section elementor-top-section elementor-element elementor-element-d9b720d elementor-section-boxed elementor-section-height-default elementor-section-height-default\" data-id=\"d9b720d\" data-element_type=\"section\" data-e-type=\"section\">\n\t\t\t\t\t\t<div class=\"elementor-container elementor-column-gap-default\">\n\t\t\t\t\t<div class=\"elementor-column elementor-col-100 elementor-top-column elementor-element elementor-element-944ee7b\" data-id=\"944ee7b\" data-element_type=\"column\" data-e-type=\"column\">\n\t\t\t<div class=\"elementor-widget-wrap elementor-element-populated\">\n\t\t\t\t\t\t<div class=\"elementor-element elementor-element-3659419 elementor-widget elementor-widget-spacer\" data-id=\"3659419\" data-element_type=\"widget\" data-e-type=\"widget\" data-widget_type=\"spacer.default\">\n\t\t\t\t<div class=\"elementor-widget-container\">\n\t\t\t\t\t\t\t<div class=\"elementor-spacer\">\n\t\t\t<div class=\"elementor-spacer-inner\"><\/div>\n\t\t<\/div>\n\t\t\t\t\t\t<\/div>\n\t\t\t\t<\/div>\n\t\t\t\t<div class=\"elementor-element elementor-element-7356e0a elementor-widget elementor-widget-heading\" data-id=\"7356e0a\" data-element_type=\"widget\" data-e-type=\"widget\" data-widget_type=\"heading.default\">\n\t\t\t\t<div class=\"elementor-widget-container\">\n\t\t\t\t\t<h2 class=\"elementor-heading-title elementor-size-default\">Mentions L\u00e9gales<\/h2>\t\t\t\t<\/div>\n\t\t\t\t<\/div>\n\t\t\t\t\t<\/div>\n\t\t<\/div>\n\t\t\t\t\t<\/div>\n\t\t<\/section>\n\t\t\t\t<section class=\"elementor-section elementor-top-section elementor-element elementor-element-3b96aff elementor-section-boxed elementor-section-height-default elementor-section-height-default\" data-id=\"3b96aff\" data-element_type=\"section\" data-e-type=\"section\">\n\t\t\t\t\t\t<div class=\"elementor-container elementor-column-gap-default\">\n\t\t\t\t\t<div class=\"elementor-column elementor-col-100 elementor-top-column elementor-element elementor-element-d13d9d8\" data-id=\"d13d9d8\" data-element_type=\"column\" data-e-type=\"column\">\n\t\t\t<div class=\"elementor-widget-wrap elementor-element-populated\">\n\t\t\t\t\t\t<div class=\"elementor-element elementor-element-3931fcb elementor-widget elementor-widget-spacer\" data-id=\"3931fcb\" data-element_type=\"widget\" data-e-type=\"widget\" data-widget_type=\"spacer.default\">\n\t\t\t\t<div class=\"elementor-widget-container\">\n\t\t\t\t\t\t\t<div class=\"elementor-spacer\">\n\t\t\t<div class=\"elementor-spacer-inner\"><\/div>\n\t\t<\/div>\n\t\t\t\t\t\t<\/div>\n\t\t\t\t<\/div>\n\t\t\t\t\t<\/div>\n\t\t<\/div>\n\t\t\t\t\t<\/div>\n\t\t<\/section>\n\t\t\t\t<section class=\"elementor-section elementor-top-section elementor-element elementor-element-8e8f6ed elementor-section-boxed elementor-section-height-default elementor-section-height-default\" data-id=\"8e8f6ed\" data-element_type=\"section\" data-e-type=\"section\">\n\t\t\t\t\t\t<div class=\"elementor-container elementor-column-gap-default\">\n\t\t\t\t\t<div class=\"elementor-column elementor-col-100 elementor-top-column elementor-element elementor-element-547895c\" data-id=\"547895c\" data-element_type=\"column\" data-e-type=\"column\">\n\t\t\t<div class=\"elementor-widget-wrap elementor-element-populated\">\n\t\t\t\t\t\t<div class=\"elementor-element elementor-element-266a9ef elementor-widget elementor-widget-text-editor\" data-id=\"266a9ef\" data-element_type=\"widget\" data-e-type=\"widget\" data-widget_type=\"text-editor.default\">\n\t\t\t\t<div class=\"elementor-widget-container\">\n\t\t\t\t\t\t\t\t\t<h1><b style=\"color: var(--ast-global-color-2); font-size: 1.625rem; font-style: inherit; background-color: var(--ast-global-color-5);\"><strong style=\"font-style: inherit;\">Soci\u00e9t\u00e9<\/strong><\/b><\/h1><h3 style=\"font-weight: 500;\"><b><strong style=\"font-style: inherit;\">Alive-Group<\/strong><\/b><\/h3><p style=\"font-weight: 400;\">119 Chauss\u00e9e Marcelin Berthelot, 59200 Tourcoing<\/p><p style=\"font-weight: 400;\">SIRET\u00a0433 750 577<br \/>N\u00b0 Intracommunautaire\u00a0FR41433750577<br \/>SASU au capital de 38 400\u20ac<\/p><p style=\"font-weight: 400;\"><b><strong style=\"font-style: inherit;\">T\u00e9l. : +33 (0) 3 20 11 29 29<\/strong><\/b><\/p><p><b>contact@group-alive.com<\/b><\/p><h3 style=\"font-weight: 500;\">\u00a0<\/h3><h3 style=\"font-weight: 500;\"><b><strong style=\"font-style: inherit;\">H\u00e9bergement<\/strong><\/b><\/h3><p style=\"font-weight: 400;\">OVH<\/p><p style=\"font-weight: 400;\">2 rue Kellermann<\/p><p style=\"font-weight: 400;\">59100 Roubaix<\/p><p style=\"font-weight: 400;\">France<\/p><p style=\"font-weight: 400;\">&#8212;&#8212;&#8212;&#8212;&#8212;&#8212;&#8212;&#8212;&#8212;&#8212;&#8212;&#8212;&#8212;&#8212;&#8212;&#8212;&#8212;&#8212;&#8212;&#8212;&#8212;&#8212;&#8212;&#8212;&#8212;&#8212;&#8212;&#8212;&#8212;&#8212;-<\/p><p style=\"font-weight: 400;\">Responsable de la publication: Adrien PENAS &#8211; <b><strong style=\"font-style: inherit;\">communication@group-alive.com<\/strong><\/b><\/p><h2 style=\"font-weight: 500;\"><b><strong style=\"font-style: inherit;\">\u00a0POLITIQUE DE CONFIDENTIALIT\u00c9<\/strong><\/b><\/h2><h3 style=\"font-weight: 500;\"><b><strong style=\"font-style: inherit;\">I. Utilisation des cookies<\/strong><\/b><\/h3><p style=\"font-weight: 400;\">Pour des besoins de statistiques et d\u2019affichage, le pr\u00e9sent site utilise des cookies. Il s\u2019agit de fichiers textes stock\u00e9s sur votre disque dur permettant d\u2019enregistrer des donn\u00e9es sur votre navigation.<\/p><p style=\"font-weight: 400;\"><b><strong style=\"font-style: inherit;\">Finalit\u00e9 des cookies utilis\u00e9s<\/strong><\/b><\/p><p style=\"font-weight: 400;\">Nous utilisons des cookies de la part des services suivants : Google Analytics. Les donn\u00e9es et statistiques que nous collectons au moyen de ces cookies sont utilis\u00e9es pour am\u00e9liorer la qualit\u00e9 de nos services.<\/p><p style=\"font-weight: 400;\">Google Analytics : est utilis\u00e9 de fa\u00e7on anonyme afin d\u2019am\u00e9liorer l\u2019exp\u00e9rience utilisateur sur notre site web et vous offrir une meilleure navigation.<\/p><p style=\"font-weight: 400;\">Ces donn\u00e9es ne sont pas communiqu\u00e9es \u00e0 quelque tiers que ce soit.<\/p><p style=\"font-weight: 400;\"><b><strong style=\"font-style: inherit;\">Vos choix concernant les cookies<\/strong><\/b><\/p><p style=\"font-weight: 400;\">Vous pouvez faire le choix \u00e0 tout moment d\u2019exprimer et de modifier vos souhaits en mati\u00e8re de cookies, par les moyens d\u00e9crits ci-dessous.<\/p><p style=\"font-weight: 400;\">Vous pouvez configurer votre logiciel de navigation afin qu&rsquo;il rejette les cookies syst\u00e9matiquement, ou selon leur \u00e9metteur. Vous pouvez \u00e9galement configurer votre logiciel de navigation de mani\u00e8re \u00e0 ce que l\u2019acceptation ou le refus des cookies vous soient propos\u00e9s ponctuellement, avant qu\u2019un cookie soit susceptible d\u2019\u00eatre enregistr\u00e9 dans votre terminal.<\/p><p style=\"font-weight: 400;\"><b><strong style=\"font-style: inherit;\">Acceptation des cookies<\/strong><\/b><\/p><p style=\"font-weight: 400;\">L\u2019enregistrement d\u2019un cookie dans un terminal est subordonn\u00e9 \u00e0 la volont\u00e9 de son utilisateur, exprim\u00e9e et modifi\u00e9e \u00e0 tout moment gratuitement \u00e0 travers les choix propos\u00e9s par son logiciel de navigation. Si vous avez accept\u00e9 dans votre logiciel de navigation l\u2019enregistrement de cookies dans votre terminal, les cookies int\u00e9gr\u00e9s dans les pages et contenus que vous avez consult\u00e9s pourront \u00eatre stock\u00e9s temporairement dans un espace d\u00e9di\u00e9 de votre terminal. Ils y seront lisibles uniquement par leur \u00e9metteur.<\/p><p style=\"font-weight: 400;\"><b><strong style=\"font-style: inherit;\">Refus des cookies<\/strong><\/b><\/p><p style=\"font-weight: 400;\">Si vous refusez l\u2019enregistrement de cookies dans votre terminal, ou si vous supprimez ceux qui y sont enregistr\u00e9s, vous pourrez \u00e9ventuellement ne plus b\u00e9n\u00e9ficier d\u2019un certain nombre de fonctionnalit\u00e9s. Le cas \u00e9ch\u00e9ant, nous d\u00e9clinons toute responsabilit\u00e9 pour les cons\u00e9quences li\u00e9es au fonctionnement d\u00e9grad\u00e9 de nos services r\u00e9sultant de l\u2019impossibilit\u00e9 d\u2019enregistrer ou de consulter les cookies n\u00e9cessaires \u00e0 leur fonctionnement et que vous auriez refus\u00e9s ou supprim\u00e9s.<\/p><p style=\"font-weight: 400;\"><b><strong style=\"font-style: inherit;\">Comment exercer vos choix selon le navigateur que vous utilisez ?<\/strong><\/b><\/p><p style=\"font-weight: 400;\">Pour la gestion des cookies et de vos choix, la configuration de chaque navigateur est diff\u00e9rente. Elle est d\u00e9crite dans le menu d\u2019aide de votre navigateur, qui vous permettra de savoir de quelle mani\u00e8re modifier vos souhaits en mati\u00e8re de cookies.<\/p><p style=\"font-weight: 400;\">Vous pouvez \u00e9galement param\u00e9trer votre navigateur afin que celui-ci envoie un code indiquant aux sites Web que vous ne souhaitez pas \u00eatre suivis. (option \u00ab Do No Track \u00bb).<\/p><h3 style=\"font-weight: 500;\"><b><strong style=\"font-style: inherit;\">II.\u00a0UTILISATION DES DONN\u00c9ES PERSONNELLES<\/strong><\/b><\/h3><p style=\"font-weight: 400;\">En aucun cas, les donn\u00e9es recueillies sur le site easy-stand.com ne seront c\u00e9d\u00e9es ou vendues \u00e0 des tiers. Aucune adresse email ne sera transmise \u00e0 des tiers y compris \u00e0 nos partenaires sauf avec l\u2019accord \u00e9crit des int\u00e9ress\u00e9s. Les donn\u00e9es collect\u00e9es par l\u2019interm\u00e9diaire du formulaire de contact sont destin\u00e9es \u00e0 l\u2019usage exclusif de\u00a0easy-stand.com et de sa soci\u00e9t\u00e9 m\u00e8re Art-event.<\/p><ol><li style=\"font-weight: 400;\"><p><b><strong style=\"font-style: inherit;\"> Conservation et Utilisation de vos donn\u00e9es personnelles<\/strong><\/b><\/p><\/li><\/ol><p style=\"font-weight: 400;\">Les informations recueillies par les formulaires du site sont enregistr\u00e9es dans un fichier informatis\u00e9 par\u00a0salon.group-alive.com pour communiquer les informations li\u00e9es \u00e0 la marque et aux services de salon.group-alive.com.<\/p><p>Elles sont conserv\u00e9es pendant 3 ans et sont destin\u00e9es au service marketing et au service commercial.\u00a0<\/p><p style=\"font-weight: 400;\">Ce fichier est accessible uniquement par la direction, les collaborateurs du p\u00f4le marketing et du p\u00f4le commercial au sein de easy-stand.com.\u00a0Les donn\u00e9es ne seront pas c\u00e9d\u00e9es \u00e0 des tiers.<\/p><p>Vous pouvez exercer votre droit d\u2019acc\u00e8s aux donn\u00e9es vous concernant et les faire rectifier en nous contactant par voie postale ou mail :\u00a0communciation@group-alive.com<\/p><ol start=\"2\"><li style=\"font-weight: 400;\"><b><strong style=\"font-style: inherit;\"> Consentement et Traitement de vos donn\u00e9es personnelles<\/strong><\/b><\/li><\/ol><p style=\"font-weight: 400;\">En cochant la case de consentement obligatoire avant soumission de chaque formulaire du site web easy-stand.com, vous autorisez explicitement le stockage et le traitement de vos donn\u00e9es dans le but de vous faire conna\u00eetre nos services. Vous autorisez\u00a0easy-stand.com \u00e0 vous contacter pour toute relation commerciale ou \u00e0 vous communiquer des informations personnalis\u00e9es sur nos services.<\/p><ol start=\"3\"><li style=\"font-weight: 400;\"><span style=\"font-style: inherit; font-weight: inherit;\"><b><strong style=\"font-style: inherit;\"> Retrait du Consentement concernant vos donn\u00e9es personnelles<\/strong><\/b><\/span><\/li><\/ol><p style=\"font-weight: 400;\">3.1. Droit d\u2019acc\u00e8s \u00e0 vos donn\u00e9es personnelles<br \/>Vous disposez d\u2019un droit d\u2019acc\u00e8s, de modification et\/ou de suppression des donn\u00e9es vous concernant \u00e0 tout moment en contactant notre service informatique :<br \/>&#8211; Par voie postale :\u00a0119 Chauss\u00e9e Marcelin Berthelot, 59200 Tourcoing \u2013 Votre demande doit \u00eatre accompagn\u00e9e d\u2019une copie d\u2019une pi\u00e8ce d\u2019identit\u00e9, id\u00e9alement, en recommand\u00e9 avec accus\u00e9 de r\u00e9ception.<br \/>&#8211; Sur place dans nos locaux : Alive Group, 119 Chauss\u00e9e Marcelin Berthelot, 59200 Tourcoing, avec pr\u00e9sentation d\u2019une pi\u00e8ce d\u2019identit\u00e9 o\u00f9 vous pourrez demander une copie des donn\u00e9es.<br \/>&#8211; Par mail : communication@group-alive.com<\/p><p style=\"font-weight: 400;\">Le responsable du fichier dispose d\u2019un d\u00e9lai de r\u00e9ponse maximal de 2 mois \u00e0 compter de la demande, qu\u2019elle ait \u00e9t\u00e9 exerc\u00e9e par voie postale ou sur place. La CNIL pr\u00e9cise : \u00ab Si la demande est incompl\u00e8te (absence de la pi\u00e8ce d\u2019identit\u00e9 par exemple), le responsable du fichier est en droit de demander des compl\u00e9ments : le d\u00e9lai est alors suspendu et courre \u00e0 nouveau une fois ces \u00e9l\u00e9ments fournis \u00bb.<\/p><ol start=\"4\"><li style=\"font-weight: 400;\"><b><strong style=\"font-style: inherit;\"> Modification de vos abonnements<\/strong><\/b><br \/>Vous pouvez aussi modifier librement vos abonnements \u00e0 nos communications en cliquant sur \u00ab Modifier mes pr\u00e9f\u00e9rences \u00bb en bas de chacune de nos communications envoy\u00e9es par e-mail.<p>Pour vous d\u00e9sabonner de toutes les communications de easy-stand.com vous devez cliquer sur le lien de d\u00e9sabonnement qui se situe en bas de nos e-mails. Vous pourrez ensuite choisir :<br \/>\u2013 de modifier vos pr\u00e9f\u00e9rences de r\u00e9ception de nos communications<br \/>\u2013 de vous d\u00e9sabonner de toutes les communications marketing et commerciales jusqu\u2019\u00e0 nouvelle soumission de votre consentement sur le site internet.<\/p><\/li><\/ol>\t\t\t\t\t\t\t\t<\/div>\n\t\t\t\t<\/div>\n\t\t\t\t\t<\/div>\n\t\t<\/div>\n\t\t\t\t\t<\/div>\n\t\t<\/section>\n\t\t\t\t<section class=\"elementor-section elementor-top-section elementor-element elementor-element-12552a4 elementor-section-boxed elementor-section-height-default elementor-section-height-default\" data-id=\"12552a4\" data-element_type=\"section\" data-e-type=\"section\">\n\t\t\t\t\t\t<div class=\"elementor-container elementor-column-gap-default\">\n\t\t\t\t\t<div class=\"elementor-column elementor-col-100 elementor-top-column elementor-element elementor-element-b5e88b0\" data-id=\"b5e88b0\" data-element_type=\"column\" data-e-type=\"column\">\n\t\t\t<div class=\"elementor-widget-wrap elementor-element-populated\">\n\t\t\t\t\t\t<div class=\"elementor-element elementor-element-46c9cf7 elementor-widget elementor-widget-spacer\" data-id=\"46c9cf7\" data-element_type=\"widget\" data-e-type=\"widget\" data-widget_type=\"spacer.default\">\n\t\t\t\t<div class=\"elementor-widget-container\">\n\t\t\t\t\t\t\t<div class=\"elementor-spacer\">\n\t\t\t<div class=\"elementor-spacer-inner\"><\/div>\n\t\t<\/div>\n\t\t\t\t\t\t<\/div>\n\t\t\t\t<\/div>\n\t\t\t\t\t<\/div>\n\t\t<\/div>\n\t\t\t\t\t<\/div>\n\t\t<\/section>\n\t\t\t\t<\/div>\n\t\t","protected":false},"excerpt":{"rendered":"<p>Mentions L\u00e9gales Soci\u00e9t\u00e9 Alive-Group 119 Chauss\u00e9e Marcelin Berthelot, 59200 Tourcoing SIRET\u00a0433 750 577N\u00b0 Intracommunautaire\u00a0FR41433750577SASU au capital de 38 400\u20ac T\u00e9l. : +33 (0) 3 20 11 29 29 contact@group-alive.com \u00a0 H\u00e9bergement OVH 2 rue Kellermann 59100 Roubaix France &#8212;&#8212;&#8212;&#8212;&#8212;&#8212;&#8212;&#8212;&#8212;&#8212;&#8212;&#8212;&#8212;&#8212;&#8212;&#8212;&#8212;&#8212;&#8212;&#8212;&#8212;&#8212;&#8212;&#8212;&#8212;&#8212;&#8212;&#8212;&#8212;&#8212;- Responsable de la publication: Adrien PENAS &#8211; communication@group-alive.com \u00a0POLITIQUE DE CONFIDENTIALIT\u00c9 I. Utilisation des cookies Pour [&hellip;]<\/p>\n","protected":false},"author":2,"featured_media":0,"parent":0,"menu_order":0,"comment_status":"closed","ping_status":"closed","template":"","meta":{"site-sidebar-layout":"no-sidebar","site-content-layout":"page-builder","ast-site-content-layout":"default","site-content-style":"default","site-sidebar-style":"default","ast-global-header-display":"","ast-banner-title-visibility":"","ast-main-header-display":"","ast-hfb-above-header-display":"","ast-hfb-below-header-display":"","ast-hfb-mobile-header-display":"","site-post-title":"disabled","ast-breadcrumbs-content":"","ast-featured-img":"disabled","footer-sml-layout":"","theme-transparent-header-meta":"","adv-header-id-meta":"","stick-header-meta":"","header-above-stick-meta":"","header-main-stick-meta":"","header-below-stick-meta":"","astra-migrate-meta-layouts":"default","ast-page-background-enabled":"default","ast-page-background-meta":{"desktop":{"background-color":"var(--ast-global-color-4)","background-image":"","background-repeat":"repeat","background-position":"center center","background-size":"auto","background-attachment":"scroll","background-type":"","background-media":"","overlay-type":"","overlay-color":"","overlay-opacity":"","overlay-gradient":""},"tablet":{"background-color":"","background-image":"","background-repeat":"repeat","background-position":"center center","background-size":"auto","background-attachment":"scroll","background-type":"","background-media":"","overlay-type":"","overlay-color":"","overlay-opacity":"","overlay-gradient":""},"mobile":{"background-color":"","background-image":"","background-repeat":"repeat","background-position":"center center","background-size":"auto","background-attachment":"scroll","background-type":"","background-media":"","overlay-type":"","overlay-color":"","overlay-opacity":"","overlay-gradient":""}},"ast-content-background-meta":{"desktop":{"background-color":"var(--ast-global-color-5)","background-image":"","background-repeat":"repeat","background-position":"center center","background-size":"auto","background-attachment":"scroll","background-type":"","background-media":"","overlay-type":"","overlay-color":"","overlay-opacity":"","overlay-gradient":""},"tablet":{"background-color":"var(--ast-global-color-5)","background-image":"","background-repeat":"repeat","background-position":"center center","background-size":"auto","background-attachment":"scroll","background-type":"","background-media":"","overlay-type":"","overlay-color":"","overlay-opacity":"","overlay-gradient":""},"mobile":{"background-color":"var(--ast-global-color-5)","background-image":"","background-repeat":"repeat","background-position":"center center","background-size":"auto","background-attachment":"scroll","background-type":"","background-media":"","overlay-type":"","overlay-color":"","overlay-opacity":"","overlay-gradient":""}},"footnotes":""},"class_list":["post-676","page","type-page","status-publish","hentry"],"_links":{"self":[{"href":"https:\/\/salon.group-alive.com\/salon-de-la-chasse\/wp-json\/wp\/v2\/pages\/676","targetHints":{"allow":["GET"]}}],"collection":[{"href":"https:\/\/salon.group-alive.com\/salon-de-la-chasse\/wp-json\/wp\/v2\/pages"}],"about":[{"href":"https:\/\/salon.group-alive.com\/salon-de-la-chasse\/wp-json\/wp\/v2\/types\/page"}],"author":[{"embeddable":true,"href":"https:\/\/salon.group-alive.com\/salon-de-la-chasse\/wp-json\/wp\/v2\/users\/2"}],"replies":[{"embeddable":true,"href":"https:\/\/salon.group-alive.com\/salon-de-la-chasse\/wp-json\/wp\/v2\/comments?post=676"}],"version-history":[{"count":5,"href":"https:\/\/salon.group-alive.com\/salon-de-la-chasse\/wp-json\/wp\/v2\/pages\/676\/revisions"}],"predecessor-version":[{"id":2011,"href":"https:\/\/salon.group-alive.com\/salon-de-la-chasse\/wp-json\/wp\/v2\/pages\/676\/revisions\/2011"}],"wp:attachment":[{"href":"https:\/\/salon.group-alive.com\/salon-de-la-chasse\/wp-json\/wp\/v2\/media?parent=676"}],"curies":[{"name":"wp","href":"https:\/\/api.w.org\/{rel}","templated":true}]}}