{"id":1344,"date":"2023-12-05T10:23:32","date_gmt":"2023-12-05T09:23:32","guid":{"rendered":"https:\/\/salon.group-alive.com\/salon-de-la-chasse\/?page_id=1344"},"modified":"2025-12-19T10:47:57","modified_gmt":"2025-12-19T09:47:57","slug":"infos-pratiques","status":"publish","type":"page","link":"https:\/\/salon.group-alive.com\/salon-de-la-chasse\/infos-pratiques\/","title":{"rendered":"Infos pratiques"},"content":{"rendered":"\t\t<div data-elementor-type=\"wp-page\" data-elementor-id=\"1344\" class=\"elementor elementor-1344\" data-elementor-post-type=\"page\">\n\t\t\t\t\t\t<section class=\"elementor-section elementor-top-section elementor-element elementor-element-f33403e elementor-section-full_width elementor-section-height-default elementor-section-height-default\" data-id=\"f33403e\" data-element_type=\"section\" data-e-type=\"section\">\n\t\t\t\t\t\t<div class=\"elementor-container elementor-column-gap-default\">\n\t\t\t\t\t<div class=\"elementor-column elementor-col-100 elementor-top-column elementor-element elementor-element-22c7e7d\" data-id=\"22c7e7d\" data-element_type=\"column\" data-e-type=\"column\">\n\t\t\t<div class=\"elementor-widget-wrap elementor-element-populated\">\n\t\t\t\t\t\t<div class=\"elementor-element elementor-element-2193bf3 elementor-widget elementor-widget-spacer\" data-id=\"2193bf3\" data-element_type=\"widget\" data-e-type=\"widget\" data-widget_type=\"spacer.default\">\n\t\t\t\t<div class=\"elementor-widget-container\">\n\t\t\t\t\t\t\t<div class=\"elementor-spacer\">\n\t\t\t<div class=\"elementor-spacer-inner\"><\/div>\n\t\t<\/div>\n\t\t\t\t\t\t<\/div>\n\t\t\t\t<\/div>\n\t\t\t\t<div class=\"elementor-element elementor-element-88eeb17 elementor-widget elementor-widget-heading\" data-id=\"88eeb17\" data-element_type=\"widget\" data-e-type=\"widget\" data-widget_type=\"heading.default\">\n\t\t\t\t<div class=\"elementor-widget-container\">\n\t\t\t\t\t<h1 class=\"elementor-heading-title elementor-size-default\">Informations pratiques<\/h1>\t\t\t\t<\/div>\n\t\t\t\t<\/div>\n\t\t\t\t<div class=\"elementor-element elementor-element-69dbea9 elementor-widget elementor-widget-spacer\" data-id=\"69dbea9\" data-element_type=\"widget\" data-e-type=\"widget\" data-widget_type=\"spacer.default\">\n\t\t\t\t<div class=\"elementor-widget-container\">\n\t\t\t\t\t\t\t<div class=\"elementor-spacer\">\n\t\t\t<div class=\"elementor-spacer-inner\"><\/div>\n\t\t<\/div>\n\t\t\t\t\t\t<\/div>\n\t\t\t\t<\/div>\n\t\t\t\t\t<\/div>\n\t\t<\/div>\n\t\t\t\t\t<\/div>\n\t\t<\/section>\n\t\t\t\t<section class=\"elementor-section elementor-top-section elementor-element elementor-element-1809335 elementor-section-full_width elementor-section-height-default elementor-section-height-default\" data-id=\"1809335\" data-element_type=\"section\" data-e-type=\"section\">\n\t\t\t\t\t\t<div class=\"elementor-container elementor-column-gap-default\">\n\t\t\t\t\t<div class=\"elementor-column elementor-col-100 elementor-top-column elementor-element elementor-element-135ca0c\" data-id=\"135ca0c\" data-element_type=\"column\" data-e-type=\"column\">\n\t\t\t<div class=\"elementor-widget-wrap elementor-element-populated\">\n\t\t\t\t\t\t<div class=\"elementor-element elementor-element-f246242 elementor-widget elementor-widget-heading\" data-id=\"f246242\" data-element_type=\"widget\" data-e-type=\"widget\" data-widget_type=\"heading.default\">\n\t\t\t\t<div class=\"elementor-widget-container\">\n\t\t\t\t\t<h3 class=\"elementor-heading-title elementor-size-default\">Dates du salon<\/h3>\t\t\t\t<\/div>\n\t\t\t\t<\/div>\n\t\t\t\t<div class=\"elementor-element elementor-element-4a1434c elementor-widget elementor-widget-text-editor\" data-id=\"4a1434c\" data-element_type=\"widget\" data-e-type=\"widget\" data-widget_type=\"text-editor.default\">\n\t\t\t\t<div class=\"elementor-widget-container\">\n\t\t\t\t\t\t\t\t\t<p><span style=\"color: #000000;\"><strong>Du vendredi 27 mars au lundi 30 mars 2026<\/strong><\/span><\/p><p><span style=\"color: #000000;\">Parc des expositions de Mantes-la- Jolie<\/span><\/p><p><span style=\"color: #000000;\">All\u00e9e des Iles Eric Tabarly<\/span><\/p><p><span style=\"color: #000000;\">78200 Mantes la Jolie<\/span><\/p><p><span style=\"color: #000000;\">Pour toute information sur le salon (lieu, horaires, informations pratiques), visitez le site officiel de l&rsquo;organisateur :<\/span>\u00a0<span style=\"color: #ff6600;\"><a style=\"color: #ff6600;\" title=\"Original URL: https:\/\/www.salondelachasse.com\/ Click to follow link.\" href=\"https:\/\/www.salondelachasse.com\/\" target=\"_blank\" rel=\"noopener\" data-outlook-id=\"484b2d00-0ab4-493b-94fc-d36acdbf0901\">Site officiel du Salon de la Chasse<\/a><\/span><\/p>\t\t\t\t\t\t\t\t<\/div>\n\t\t\t\t<\/div>\n\t\t\t\t<div class=\"elementor-element elementor-element-5f94ed5 elementor-widget elementor-widget-spacer\" data-id=\"5f94ed5\" data-element_type=\"widget\" data-e-type=\"widget\" data-widget_type=\"spacer.default\">\n\t\t\t\t<div class=\"elementor-widget-container\">\n\t\t\t\t\t\t\t<div class=\"elementor-spacer\">\n\t\t\t<div class=\"elementor-spacer-inner\"><\/div>\n\t\t<\/div>\n\t\t\t\t\t\t<\/div>\n\t\t\t\t<\/div>\n\t\t\t\t<div class=\"elementor-element elementor-element-4f94584 elementor-widget elementor-widget-heading\" data-id=\"4f94584\" data-element_type=\"widget\" data-e-type=\"widget\" data-widget_type=\"heading.default\">\n\t\t\t\t<div class=\"elementor-widget-container\">\n\t\t\t\t\t<h3 class=\"elementor-heading-title elementor-size-default\">Infos pratiques<\/h3>\t\t\t\t<\/div>\n\t\t\t\t<\/div>\n\t\t\t\t<div class=\"elementor-element elementor-element-08eccb3 elementor-widget elementor-widget-heading\" data-id=\"08eccb3\" data-element_type=\"widget\" data-e-type=\"widget\" data-widget_type=\"heading.default\">\n\t\t\t\t<div class=\"elementor-widget-container\">\n\t\t\t\t\t<h4 class=\"elementor-heading-title elementor-size-default\">Montage :<\/h4>\t\t\t\t<\/div>\n\t\t\t\t<\/div>\n\t\t\t\t<div class=\"elementor-element elementor-element-c68b26d elementor-widget elementor-widget-text-editor\" data-id=\"c68b26d\" data-element_type=\"widget\" data-e-type=\"widget\" data-widget_type=\"text-editor.default\">\n\t\t\t\t<div class=\"elementor-widget-container\">\n\t\t\t\t\t\t\t\t\t<p><span style=\"color: #000000;\">Mercredi 25 mars 2026 de 8h00 \u00e0 20h00<\/span><\/p><p><span style=\"color: #000000;\">Jeudi 26 mars 2026\u00a0de 8h00 \u00e0 20h00<\/span><\/p><p><span style=\"color: #000000;\">Si vous souhaitez arriver avant cette date, merci de prendre contact avec Marine FURON :<\/span> <span style=\"color: #ff6600;\"><a style=\"color: #ff6600;\" title=\"mailto:mf@versicolor.fr\" href=\"mailto:mf@versicolor.fr\" data-outlook-id=\"d5fd2196-e454-4333-8bb7-a6f310fc0bbf\">mf@versicolor.fr<\/a><\/span><\/p>\t\t\t\t\t\t\t\t<\/div>\n\t\t\t\t<\/div>\n\t\t\t\t<div class=\"elementor-element elementor-element-b27fefe elementor-widget elementor-widget-heading\" data-id=\"b27fefe\" data-element_type=\"widget\" data-e-type=\"widget\" data-widget_type=\"heading.default\">\n\t\t\t\t<div class=\"elementor-widget-container\">\n\t\t\t\t\t<h4 class=\"elementor-heading-title elementor-size-default\">Paiement des stands :<\/h4>\t\t\t\t<\/div>\n\t\t\t\t<\/div>\n\t\t\t\t<div class=\"elementor-element elementor-element-604c5dc elementor-widget elementor-widget-text-editor\" data-id=\"604c5dc\" data-element_type=\"widget\" data-e-type=\"widget\" data-widget_type=\"text-editor.default\">\n\t\t\t\t<div class=\"elementor-widget-container\">\n\t\t\t\t\t\t\t\t\t<p><span style=\"color: #000000;\"><strong>Nous vous rappelons que vous pourrez acc\u00e9der au montage une fois votre stand et vos prestations techniques sold\u00e9s.<\/strong><\/span><\/p><p><span style=\"color: #000000;\">Dans un souci de fluidit\u00e9, nous vous recommandons de vous acquitter des soldes non pay\u00e9s d\u2019ici l\u00e0. Une fois la v\u00e9rification du paiement total de votre stand effectu\u00e9e, nous vous remettrons vos badges et pass pour le parking exposants. Vous pourrez ainsi acc\u00e9der \u00e0 l\u2019espace de d\u00e9chargement et au parking exposants.<\/span><\/p>\t\t\t\t\t\t\t\t<\/div>\n\t\t\t\t<\/div>\n\t\t\t\t<div class=\"elementor-element elementor-element-aa22103 elementor-widget elementor-widget-heading\" data-id=\"aa22103\" data-element_type=\"widget\" data-e-type=\"widget\" data-widget_type=\"heading.default\">\n\t\t\t\t<div class=\"elementor-widget-container\">\n\t\t\t\t\t<h4 class=\"elementor-heading-title elementor-size-default\">Quais de d\u00e9chargement des v\u00e9hicules\/acc\u00e8s au montage :<\/h4>\t\t\t\t<\/div>\n\t\t\t\t<\/div>\n\t\t\t\t<div class=\"elementor-element elementor-element-6cf69f8 elementor-widget elementor-widget-text-editor\" data-id=\"6cf69f8\" data-element_type=\"widget\" data-e-type=\"widget\" data-widget_type=\"text-editor.default\">\n\t\t\t\t<div class=\"elementor-widget-container\">\n\t\t\t\t\t\t\t\t\t<p><span style=\"color: #000000;\">Comme vous le savez, la tente est long\u00e9e par une route bitum\u00e9e de 9m de large. Quand vous vous engagerez dans cette zone, <strong>un autocollant vous sera remis.<\/strong> Il comportera :<\/span><\/p><ul><li><span style=\"color: #000000;\">Le num\u00e9ro de plateforme de d\u00e9chargement qui vous a \u00e9t\u00e9 attribu\u00e9e en fonction de votre emplacement dans la structure<\/span><\/li><li><span style=\"color: #000000;\">Le temps qui vous est imparti pour d\u00e9charger vos v\u00e9hicules (celui-ci d\u00e9pend de la taille de votre stand et peut varier de 45min \u00e0 3 heures).<\/span><\/li><li><span style=\"color: #000000;\">L\u2019heure \u00e0 laquelle vous serez rentr\u00e9s dans la zone de d\u00e9chargement.<\/span><\/li><\/ul><p><span style=\"color: #000000;\">Concomitamment, <strong>une caution de 100 euros vous sera demand\u00e9e<\/strong> <strong>(par ch\u00e8que de pr\u00e9f\u00e9rence)<\/strong>. Elle vous sera restitu\u00e9e une fois vos v\u00e9hicules d\u00e9charg\u00e9s et gar\u00e9s sur le parking exposants, <strong>mais si et seulement si vous avez respect\u00e9 le d\u00e9lai qui vous \u00e9tait imparti.<\/strong> <\/span><\/p><p><span style=\"color: #000000;\">Ce syst\u00e8me permet d&rsquo;\u00e9viter d&rsquo;avoir des v\u00e9hicules vides qui stationnent dans la zone de d\u00e9chargement et emp\u00eachent les autres exposants d\u2019acc\u00e9der \u00e0 cet espace.<\/span><\/p><p><strong><span style=\"color: #000000;\">En raison du plan vigipirate, toute livraison sans avoir au pr\u00e9alable inform\u00e9 Marine Furon par mail \u00e0 : <span style=\"text-decoration: underline;\"><span style=\"color: #0000ff; text-decoration: underline;\"><a style=\"color: #0000ff; text-decoration: underline;\" href=\"mailto:mf@versicolor.fr\">mf@versicolor.fr<\/a><\/span><\/span> sera refus\u00e9e<\/span><\/strong><\/p>\t\t\t\t\t\t\t\t<\/div>\n\t\t\t\t<\/div>\n\t\t\t\t<div class=\"elementor-element elementor-element-b38fb55 elementor-widget elementor-widget-heading\" data-id=\"b38fb55\" data-element_type=\"widget\" data-e-type=\"widget\" data-widget_type=\"heading.default\">\n\t\t\t\t<div class=\"elementor-widget-container\">\n\t\t\t\t\t<h5 class=\"elementor-heading-title elementor-size-default\">Adresse de livraison :<\/h5>\t\t\t\t<\/div>\n\t\t\t\t<\/div>\n\t\t\t\t<div class=\"elementor-element elementor-element-3f9e19b elementor-widget elementor-widget-text-editor\" data-id=\"3f9e19b\" data-element_type=\"widget\" data-e-type=\"widget\" data-widget_type=\"text-editor.default\">\n\t\t\t\t<div class=\"elementor-widget-container\">\n\t\t\t\t\t\t\t\t\t<p><span style=\"color: #000000;\">Salon de la Chasse et de la Faune Sauvage<\/span><br \/><span style=\"color: #000000;\">Parc des expositions de Mantes la Jolie<\/span><br \/><span style=\"color: #000000;\">All\u00e9e des Iles Eric Tabarly &#8211; 78200 Mantes-la- Jolie<\/span><\/p>\t\t\t\t\t\t\t\t<\/div>\n\t\t\t\t<\/div>\n\t\t\t\t<div class=\"elementor-element elementor-element-8940c8b elementor-widget elementor-widget-heading\" data-id=\"8940c8b\" data-element_type=\"widget\" data-e-type=\"widget\" data-widget_type=\"heading.default\">\n\t\t\t\t<div class=\"elementor-widget-container\">\n\t\t\t\t\t<h5 class=\"elementor-heading-title elementor-size-default\">Ouverture du salon :<\/h5>\t\t\t\t<\/div>\n\t\t\t\t<\/div>\n\t\t\t\t<div class=\"elementor-element elementor-element-47c361d elementor-widget elementor-widget-text-editor\" data-id=\"47c361d\" data-element_type=\"widget\" data-e-type=\"widget\" data-widget_type=\"text-editor.default\">\n\t\t\t\t<div class=\"elementor-widget-container\">\n\t\t\t\t\t\t\t\t\t<ul><li>Vendredi 27 mars 2026 de 10h30 \u00e0 18h30<\/li><li>Samedi 28 mars 2026 de 9h00 \u00e0 18h30<\/li><li>Dimanche 29 mars 2026 de 9h00 \u00e0 18h30<\/li><li>Lundi 30 mars 2026 de 9h00 \u00e0 17h00<\/li><\/ul>\t\t\t\t\t\t\t\t<\/div>\n\t\t\t\t<\/div>\n\t\t\t\t<div class=\"elementor-element elementor-element-c4c58f9 elementor-widget elementor-widget-heading\" data-id=\"c4c58f9\" data-element_type=\"widget\" data-e-type=\"widget\" data-widget_type=\"heading.default\">\n\t\t\t\t<div class=\"elementor-widget-container\">\n\t\t\t\t\t<h5 class=\"elementor-heading-title elementor-size-default\">D\u00e9montage :<\/h5>\t\t\t\t<\/div>\n\t\t\t\t<\/div>\n\t\t\t\t<div class=\"elementor-element elementor-element-d8658c0 elementor-widget elementor-widget-text-editor\" data-id=\"d8658c0\" data-element_type=\"widget\" data-e-type=\"widget\" data-widget_type=\"text-editor.default\">\n\t\t\t\t<div class=\"elementor-widget-container\">\n\t\t\t\t\t\t\t\t\t<div class=\"elementor-element elementor-element-d8658c0 elementor-widget elementor-widget-text-editor\"><div class=\"elementor-widget-container\"><p><strong>Lundi 30 mars 2026 de 18h00 \u00e0 22h00 uniquement.\u00a0<\/strong><\/p><\/div><\/div><div class=\"elementor-element elementor-element-a2fd0f6 elementor-widget elementor-widget-heading\"><div class=\"elementor-widget-container\">\u00a0<\/div><\/div>\t\t\t\t\t\t\t\t<\/div>\n\t\t\t\t<\/div>\n\t\t\t\t<div class=\"elementor-element elementor-element-a2fd0f6 elementor-widget elementor-widget-heading\" data-id=\"a2fd0f6\" data-element_type=\"widget\" data-e-type=\"widget\" data-widget_type=\"heading.default\">\n\t\t\t\t<div class=\"elementor-widget-container\">\n\t\t\t\t\t<h4 class=\"elementor-heading-title elementor-size-default\">Informations sur le stand fourni :<\/h4>\t\t\t\t<\/div>\n\t\t\t\t<\/div>\n\t\t\t\t<section class=\"elementor-section elementor-inner-section elementor-element elementor-element-dd480ed elementor-section-full_width elementor-section-height-default elementor-section-height-default\" data-id=\"dd480ed\" data-element_type=\"section\" data-e-type=\"section\">\n\t\t\t\t\t\t<div class=\"elementor-container elementor-column-gap-default\">\n\t\t\t\t\t<div class=\"elementor-column elementor-col-50 elementor-inner-column elementor-element elementor-element-2bd3fd1\" data-id=\"2bd3fd1\" data-element_type=\"column\" data-e-type=\"column\">\n\t\t\t<div class=\"elementor-widget-wrap elementor-element-populated\">\n\t\t\t\t\t\t<div class=\"elementor-element elementor-element-c98e99d elementor-widget elementor-widget-text-editor\" data-id=\"c98e99d\" data-element_type=\"widget\" data-e-type=\"widget\" data-widget_type=\"text-editor.default\">\n\t\t\t\t<div class=\"elementor-widget-container\">\n\t\t\t\t\t\t\t\t\t<p>Le stand classique est \u00e9quip\u00e9 de :<\/p><ul><li>cloisons modulaires couleur Weng\u00e9,<\/li><li>de moquette,<\/li><li>d&rsquo;un rail de spot (1 spot\/3m\u00b2),<\/li><li>d&rsquo;une enseigne.<\/li><\/ul>\t\t\t\t\t\t\t\t<\/div>\n\t\t\t\t<\/div>\n\t\t\t\t\t<\/div>\n\t\t<\/div>\n\t\t\t\t<div class=\"elementor-column elementor-col-50 elementor-inner-column elementor-element elementor-element-7a9804d\" data-id=\"7a9804d\" data-element_type=\"column\" data-e-type=\"column\">\n\t\t\t<div class=\"elementor-widget-wrap elementor-element-populated\">\n\t\t\t\t\t\t<div class=\"elementor-element elementor-element-b7013b6 elementor-widget elementor-widget-image\" data-id=\"b7013b6\" data-element_type=\"widget\" data-e-type=\"widget\" data-widget_type=\"image.default\">\n\t\t\t\t<div class=\"elementor-widget-container\">\n\t\t\t\t\t\t\t\t\t\t\t\t\t\t\t<img fetchpriority=\"high\" decoding=\"async\" width=\"1024\" height=\"664\" src=\"https:\/\/salon.group-alive.com\/salon-de-la-chasse\/wp-content\/uploads\/sites\/2\/2025\/12\/3x3-MODULAIRE-1024x664.png\" class=\"attachment-large size-large wp-image-2064\" alt=\"\" srcset=\"https:\/\/salon.group-alive.com\/salon-de-la-chasse\/wp-content\/uploads\/sites\/2\/2025\/12\/3x3-MODULAIRE-1024x664.png 1024w, https:\/\/salon.group-alive.com\/salon-de-la-chasse\/wp-content\/uploads\/sites\/2\/2025\/12\/3x3-MODULAIRE-300x195.png 300w, https:\/\/salon.group-alive.com\/salon-de-la-chasse\/wp-content\/uploads\/sites\/2\/2025\/12\/3x3-MODULAIRE-768x498.png 768w, https:\/\/salon.group-alive.com\/salon-de-la-chasse\/wp-content\/uploads\/sites\/2\/2025\/12\/3x3-MODULAIRE-600x389.png 600w, https:\/\/salon.group-alive.com\/salon-de-la-chasse\/wp-content\/uploads\/sites\/2\/2025\/12\/3x3-MODULAIRE.png 1312w\" sizes=\"(max-width: 1024px) 100vw, 1024px\" \/>\t\t\t\t\t\t\t\t\t\t\t\t\t\t\t<\/div>\n\t\t\t\t<\/div>\n\t\t\t\t\t<\/div>\n\t\t<\/div>\n\t\t\t\t\t<\/div>\n\t\t<\/section>\n\t\t\t\t<div class=\"elementor-element elementor-element-cbb1230 elementor-widget elementor-widget-text-editor\" data-id=\"cbb1230\" data-element_type=\"widget\" data-e-type=\"widget\" data-widget_type=\"text-editor.default\">\n\t\t\t\t<div class=\"elementor-widget-container\">\n\t\t\t\t\t\t\t\t\t<p>Vous pouvez <a href=\"https:\/\/salon.group-alive.com\/salon-de-la-chasse\/categorie\/amenagement-stand\/\"><span style=\"text-decoration: underline; color: #0000ff;\">compl\u00e9ter <\/span><\/a><span style=\"color: #000000;\"><span style=\"text-decoration: underline; color: #0000ff;\">l\u2019am\u00e9nagement<\/span> de votre stand<\/span> avec les \u00e9l\u00e9ments fournis sur ce site.<\/p>\t\t\t\t\t\t\t\t<\/div>\n\t\t\t\t<\/div>\n\t\t\t\t<div class=\"elementor-element elementor-element-95fa775 elementor-widget elementor-widget-spacer\" data-id=\"95fa775\" data-element_type=\"widget\" data-e-type=\"widget\" data-widget_type=\"spacer.default\">\n\t\t\t\t<div class=\"elementor-widget-container\">\n\t\t\t\t\t\t\t<div class=\"elementor-spacer\">\n\t\t\t<div class=\"elementor-spacer-inner\"><\/div>\n\t\t<\/div>\n\t\t\t\t\t\t<\/div>\n\t\t\t\t<\/div>\n\t\t\t\t<div class=\"elementor-element elementor-element-6f60916 elementor-widget elementor-widget-text-editor\" data-id=\"6f60916\" data-element_type=\"widget\" data-e-type=\"widget\" data-widget_type=\"text-editor.default\">\n\t\t\t\t<div class=\"elementor-widget-container\">\n\t\t\t\t\t\t\t\t\t<p><strong>B\u00e9n\u00e9ficiez d\u2019une remise de 10% sur les options modulaires : cloisons, r\u00e9serve, rail, \u00e9tag\u00e8res. Pour toutes les commandes pass\u00e9es avant le 31 janvier 2026 !<\/strong><\/p><p><strong>Les commandes pass\u00e9es \u00e0 partir du 16 mars 2026 seront major\u00e9es de 25%.<\/strong><\/p>\t\t\t\t\t\t\t\t<\/div>\n\t\t\t\t<\/div>\n\t\t\t\t<div class=\"elementor-element elementor-element-3274ad8 elementor-widget elementor-widget-spacer\" data-id=\"3274ad8\" data-element_type=\"widget\" data-e-type=\"widget\" data-widget_type=\"spacer.default\">\n\t\t\t\t<div class=\"elementor-widget-container\">\n\t\t\t\t\t\t\t<div class=\"elementor-spacer\">\n\t\t\t<div class=\"elementor-spacer-inner\"><\/div>\n\t\t<\/div>\n\t\t\t\t\t\t<\/div>\n\t\t\t\t<\/div>\n\t\t\t\t\t<\/div>\n\t\t<\/div>\n\t\t\t\t\t<\/div>\n\t\t<\/section>\n\t\t\t\t<\/div>\n\t\t","protected":false},"excerpt":{"rendered":"<p>Informations pratiques Dates du salon Du vendredi 27 mars au lundi 30 mars 2026 Parc des expositions de Mantes-la- Jolie All\u00e9e des Iles Eric Tabarly 78200 Mantes la Jolie Pour toute information sur le salon (lieu, horaires, informations pratiques), visitez le site officiel de l&rsquo;organisateur :\u00a0Site officiel du Salon de la Chasse Infos pratiques Montage [&hellip;]<\/p>\n","protected":false},"author":2,"featured_media":0,"parent":0,"menu_order":0,"comment_status":"closed","ping_status":"closed","template":"","meta":{"site-sidebar-layout":"no-sidebar","site-content-layout":"page-builder","ast-site-content-layout":"default","site-content-style":"default","site-sidebar-style":"default","ast-global-header-display":"","ast-banner-title-visibility":"","ast-main-header-display":"","ast-hfb-above-header-display":"","ast-hfb-below-header-display":"","ast-hfb-mobile-header-display":"","site-post-title":"disabled","ast-breadcrumbs-content":"","ast-featured-img":"disabled","footer-sml-layout":"","theme-transparent-header-meta":"","adv-header-id-meta":"","stick-header-meta":"","header-above-stick-meta":"","header-main-stick-meta":"","header-below-stick-meta":"","astra-migrate-meta-layouts":"default","ast-page-background-enabled":"default","ast-page-background-meta":{"desktop":{"background-color":"var(--ast-global-color-4)","background-image":"","background-repeat":"repeat","background-position":"center center","background-size":"auto","background-attachment":"scroll","background-type":"","background-media":"","overlay-type":"","overlay-color":"","overlay-opacity":"","overlay-gradient":""},"tablet":{"background-color":"","background-image":"","background-repeat":"repeat","background-position":"center center","background-size":"auto","background-attachment":"scroll","background-type":"","background-media":"","overlay-type":"","overlay-color":"","overlay-opacity":"","overlay-gradient":""},"mobile":{"background-color":"","background-image":"","background-repeat":"repeat","background-position":"center center","background-size":"auto","background-attachment":"scroll","background-type":"","background-media":"","overlay-type":"","overlay-color":"","overlay-opacity":"","overlay-gradient":""}},"ast-content-background-meta":{"desktop":{"background-color":"var(--ast-global-color-5)","background-image":"","background-repeat":"repeat","background-position":"center center","background-size":"auto","background-attachment":"scroll","background-type":"","background-media":"","overlay-type":"","overlay-color":"","overlay-opacity":"","overlay-gradient":""},"tablet":{"background-color":"var(--ast-global-color-5)","background-image":"","background-repeat":"repeat","background-position":"center center","background-size":"auto","background-attachment":"scroll","background-type":"","background-media":"","overlay-type":"","overlay-color":"","overlay-opacity":"","overlay-gradient":""},"mobile":{"background-color":"var(--ast-global-color-5)","background-image":"","background-repeat":"repeat","background-position":"center center","background-size":"auto","background-attachment":"scroll","background-type":"","background-media":"","overlay-type":"","overlay-color":"","overlay-opacity":"","overlay-gradient":""}},"footnotes":""},"class_list":["post-1344","page","type-page","status-publish","hentry"],"_links":{"self":[{"href":"https:\/\/salon.group-alive.com\/salon-de-la-chasse\/wp-json\/wp\/v2\/pages\/1344","targetHints":{"allow":["GET"]}}],"collection":[{"href":"https:\/\/salon.group-alive.com\/salon-de-la-chasse\/wp-json\/wp\/v2\/pages"}],"about":[{"href":"https:\/\/salon.group-alive.com\/salon-de-la-chasse\/wp-json\/wp\/v2\/types\/page"}],"author":[{"embeddable":true,"href":"https:\/\/salon.group-alive.com\/salon-de-la-chasse\/wp-json\/wp\/v2\/users\/2"}],"replies":[{"embeddable":true,"href":"https:\/\/salon.group-alive.com\/salon-de-la-chasse\/wp-json\/wp\/v2\/comments?post=1344"}],"version-history":[{"count":5,"href":"https:\/\/salon.group-alive.com\/salon-de-la-chasse\/wp-json\/wp\/v2\/pages\/1344\/revisions"}],"predecessor-version":[{"id":2067,"href":"https:\/\/salon.group-alive.com\/salon-de-la-chasse\/wp-json\/wp\/v2\/pages\/1344\/revisions\/2067"}],"wp:attachment":[{"href":"https:\/\/salon.group-alive.com\/salon-de-la-chasse\/wp-json\/wp\/v2\/media?parent=1344"}],"curies":[{"name":"wp","href":"https:\/\/api.w.org\/{rel}","templated":true}]}}