{"id":16,"date":"2023-09-05T10:18:52","date_gmt":"2023-09-05T08:18:52","guid":{"rendered":"https:\/\/salon.group-alive.com\/jec-world\/?page_id=16"},"modified":"2026-01-14T14:44:13","modified_gmt":"2026-01-14T13:44:13","slug":"home-page","status":"publish","type":"page","link":"https:\/\/salon.group-alive.com\/jec-world\/","title":{"rendered":"home page"},"content":{"rendered":"\t\t<div data-elementor-type=\"wp-page\" data-elementor-id=\"16\" class=\"elementor elementor-16\" data-elementor-post-type=\"page\">\n\t\t\t\t\t\t<section class=\"elementor-section elementor-top-section elementor-element elementor-element-b4c63ca elementor-section-full_width elementor-section-height-default elementor-section-height-default\" data-id=\"b4c63ca\" data-element_type=\"section\" data-e-type=\"section\" data-settings=\"{&quot;background_background&quot;:&quot;classic&quot;}\">\n\t\t\t\t\t\t<div class=\"elementor-container elementor-column-gap-default\">\n\t\t\t\t\t<div class=\"elementor-column elementor-col-100 elementor-top-column elementor-element elementor-element-25fd022\" data-id=\"25fd022\" data-element_type=\"column\" data-e-type=\"column\">\n\t\t\t<div class=\"elementor-widget-wrap elementor-element-populated\">\n\t\t\t\t\t\t<section class=\"elementor-section elementor-inner-section elementor-element elementor-element-9a8a310 elementor-section-full_width elementor-section-height-default elementor-section-height-default\" data-id=\"9a8a310\" data-element_type=\"section\" data-e-type=\"section\">\n\t\t\t\t\t\t<div class=\"elementor-container elementor-column-gap-default\">\n\t\t\t\t\t<div class=\"elementor-column elementor-col-100 elementor-inner-column elementor-element elementor-element-57bfc74\" data-id=\"57bfc74\" data-element_type=\"column\" data-e-type=\"column\">\n\t\t\t<div class=\"elementor-widget-wrap elementor-element-populated\">\n\t\t\t\t\t\t<div class=\"elementor-element elementor-element-c791c4d elementor-widget__width-auto elementor-widget elementor-widget-image\" data-id=\"c791c4d\" data-element_type=\"widget\" data-e-type=\"widget\" data-widget_type=\"image.default\">\n\t\t\t\t<div class=\"elementor-widget-container\">\n\t\t\t\t\t\t\t\t\t\t\t\t\t\t\t<img fetchpriority=\"high\" decoding=\"async\" width=\"800\" height=\"207\" src=\"https:\/\/salon.group-alive.com\/jec-world\/wp-content\/uploads\/sites\/3\/2023\/09\/logo-Alive-v2.png\" class=\"attachment-large size-large wp-image-18\" alt=\"\" srcset=\"https:\/\/salon.group-alive.com\/jec-world\/wp-content\/uploads\/sites\/3\/2023\/09\/logo-Alive-v2.png 817w, https:\/\/salon.group-alive.com\/jec-world\/wp-content\/uploads\/sites\/3\/2023\/09\/logo-Alive-v2-300x77.png 300w, https:\/\/salon.group-alive.com\/jec-world\/wp-content\/uploads\/sites\/3\/2023\/09\/logo-Alive-v2-768x198.png 768w, https:\/\/salon.group-alive.com\/jec-world\/wp-content\/uploads\/sites\/3\/2023\/09\/logo-Alive-v2-600x155.png 600w\" sizes=\"(max-width: 800px) 100vw, 800px\" \/>\t\t\t\t\t\t\t\t\t\t\t\t\t\t\t<\/div>\n\t\t\t\t<\/div>\n\t\t\t\t\t<\/div>\n\t\t<\/div>\n\t\t\t\t\t<\/div>\n\t\t<\/section>\n\t\t\t\t<div class=\"elementor-element elementor-element-0b50cff elementor-widget elementor-widget-spacer\" data-id=\"0b50cff\" data-element_type=\"widget\" data-e-type=\"widget\" data-widget_type=\"spacer.default\">\n\t\t\t\t<div class=\"elementor-widget-container\">\n\t\t\t\t\t\t\t<div class=\"elementor-spacer\">\n\t\t\t<div class=\"elementor-spacer-inner\"><\/div>\n\t\t<\/div>\n\t\t\t\t\t\t<\/div>\n\t\t\t\t<\/div>\n\t\t\t\t<div class=\"elementor-element elementor-element-3174c67 elementor-widget elementor-widget-heading\" data-id=\"3174c67\" data-element_type=\"widget\" data-e-type=\"widget\" data-widget_type=\"heading.default\">\n\t\t\t\t<div class=\"elementor-widget-container\">\n\t\t\t\t\t<h2 class=\"elementor-heading-title elementor-size-default\">Votre Stand personnalis\u00e9, JEC World 2026<\/h2>\t\t\t\t<\/div>\n\t\t\t\t<\/div>\n\t\t\t\t<div class=\"elementor-element elementor-element-9cb665f elementor-widget elementor-widget-text-editor\" data-id=\"9cb665f\" data-element_type=\"widget\" data-e-type=\"widget\" data-widget_type=\"text-editor.default\">\n\t\t\t\t<div class=\"elementor-widget-container\">\n\t\t\t\t\t\t\t\t\t<p>Cher(e)s exposant(e)s,<\/p><p>Bienvenue dans l\u2019espace d\u00e9di\u00e9 \u00e0 la personnalisation de votre stand. <br \/>Suivez les <strong>diff\u00e9rentes \u00e9tapes des questionnaires<\/strong>\u00a0et <strong>faites vos choix.<\/strong> <br \/><b>Astrid BARBOU DES COURIERES <\/b>et<b> Chantal SILA <\/b>se chargeront de vous faire parvenir le devis correspondant \u00e0 vos demandes de personnalisation.<\/p><p><span style=\"color: #ff0000;\"><strong>Date limite de vos r\u00e9ponses : <\/strong>30 janvier 2026.<\/span><\/p>\t\t\t\t\t\t\t\t<\/div>\n\t\t\t\t<\/div>\n\t\t\t\t<div class=\"elementor-element elementor-element-f326629 elementor-widget elementor-widget-button\" data-id=\"f326629\" data-element_type=\"widget\" data-e-type=\"widget\" data-widget_type=\"button.default\">\n\t\t\t\t<div class=\"elementor-widget-container\">\n\t\t\t\t\t\t\t\t\t<div class=\"elementor-button-wrapper\">\n\t\t\t\t\t<a class=\"elementor-button elementor-button-link elementor-size-sm\" href=\"https:\/\/salon.group-alive.com\/jec-world\/pack-smart\">\n\t\t\t\t\t\t<span class=\"elementor-button-content-wrapper\">\n\t\t\t\t\t\t\t\t\t<span class=\"elementor-button-text\">Formulaire de demande PACK SMART<\/span>\n\t\t\t\t\t<\/span>\n\t\t\t\t\t<\/a>\n\t\t\t\t<\/div>\n\t\t\t\t\t\t\t\t<\/div>\n\t\t\t\t<\/div>\n\t\t\t\t<div class=\"elementor-element elementor-element-cd674ba elementor-widget elementor-widget-button\" data-id=\"cd674ba\" data-element_type=\"widget\" data-e-type=\"widget\" data-widget_type=\"button.default\">\n\t\t\t\t<div class=\"elementor-widget-container\">\n\t\t\t\t\t\t\t\t\t<div class=\"elementor-button-wrapper\">\n\t\t\t\t\t<a class=\"elementor-button elementor-button-link elementor-size-sm\" href=\"https:\/\/salon.group-alive.com\/jec-world\/pavilion-us\/\">\n\t\t\t\t\t\t<span class=\"elementor-button-content-wrapper\">\n\t\t\t\t\t\t\t\t\t<span class=\"elementor-button-text\">Send my request for PAVILLON US<\/span>\n\t\t\t\t\t<\/span>\n\t\t\t\t\t<\/a>\n\t\t\t\t<\/div>\n\t\t\t\t\t\t\t\t<\/div>\n\t\t\t\t<\/div>\n\t\t\t\t<div class=\"elementor-element elementor-element-0c52621 elementor-widget-divider--view-line elementor-widget elementor-widget-divider\" data-id=\"0c52621\" data-element_type=\"widget\" data-e-type=\"widget\" data-widget_type=\"divider.default\">\n\t\t\t\t<div class=\"elementor-widget-container\">\n\t\t\t\t\t\t\t<div class=\"elementor-divider\">\n\t\t\t<span class=\"elementor-divider-separator\">\n\t\t\t\t\t\t<\/span>\n\t\t<\/div>\n\t\t\t\t\t\t<\/div>\n\t\t\t\t<\/div>\n\t\t\t\t\t<\/div>\n\t\t<\/div>\n\t\t\t\t\t<\/div>\n\t\t<\/section>\n\t\t\t\t<\/div>\n\t\t","protected":false},"excerpt":{"rendered":"<p>Votre Stand personnalis\u00e9, JEC World 2026 Cher(e)s exposant(e)s, Bienvenue dans l\u2019espace d\u00e9di\u00e9 \u00e0 la personnalisation de votre stand. Suivez les diff\u00e9rentes \u00e9tapes des questionnaires\u00a0et faites vos choix. Astrid BARBOU DES COURIERES et Chantal SILA se chargeront de vous faire parvenir le devis correspondant \u00e0 vos demandes de personnalisation. Date limite de vos r\u00e9ponses : 30 [&hellip;]<\/p>\n","protected":false},"author":2,"featured_media":0,"parent":0,"menu_order":0,"comment_status":"closed","ping_status":"closed","template":"elementor_canvas","meta":{"footnotes":""},"class_list":["post-16","page","type-page","status-publish","hentry"],"_links":{"self":[{"href":"https:\/\/salon.group-alive.com\/jec-world\/wp-json\/wp\/v2\/pages\/16","targetHints":{"allow":["GET"]}}],"collection":[{"href":"https:\/\/salon.group-alive.com\/jec-world\/wp-json\/wp\/v2\/pages"}],"about":[{"href":"https:\/\/salon.group-alive.com\/jec-world\/wp-json\/wp\/v2\/types\/page"}],"author":[{"embeddable":true,"href":"https:\/\/salon.group-alive.com\/jec-world\/wp-json\/wp\/v2\/users\/2"}],"replies":[{"embeddable":true,"href":"https:\/\/salon.group-alive.com\/jec-world\/wp-json\/wp\/v2\/comments?post=16"}],"version-history":[{"count":5,"href":"https:\/\/salon.group-alive.com\/jec-world\/wp-json\/wp\/v2\/pages\/16\/revisions"}],"predecessor-version":[{"id":1010,"href":"https:\/\/salon.group-alive.com\/jec-world\/wp-json\/wp\/v2\/pages\/16\/revisions\/1010"}],"wp:attachment":[{"href":"https:\/\/salon.group-alive.com\/jec-world\/wp-json\/wp\/v2\/media?parent=16"}],"curies":[{"name":"wp","href":"https:\/\/api.w.org\/{rel}","templated":true}]}}